{"id":44237,"date":"2021-12-01T18:28:05","date_gmt":"2021-12-01T16:28:05","guid":{"rendered":"https:\/\/noblewine.lv\/?post_type=product&#038;p=44237"},"modified":"2024-05-23T14:39:44","modified_gmt":"2024-05-23T11:39:44","slug":"bourgogne-pinot-noir-selection-pomone-2019","status":"publish","type":"product","link":"https:\/\/nwold.test.decotec.lv\/en\/catalog\/wine\/bourgogne-pinot-noir-selection-pomone-2019\/","title":{"rendered":"Bourgogne Pinot Noir &#8220;Selection Pomone&#8221; 2019"},"content":{"rendered":"","protected":false},"excerpt":{"rendered":"<p>&#8220;Arom\u0101t\u0101 j\u016btamas intens\u012bvu \u0137ir\u0161u un gar\u0161vielu notis. Gar\u0161a ir sul\u012bga ar akt\u012bvu tan\u012bnu, gatavu sarkano ogu, \u0137ir\u0161u kauli\u0146u un riekstu nians\u0113m. Sul\u012bga un notur\u012bga p\u0113cgar\u0161a ar \u0137ir\u0161u not\u012bm.&#8221; \u2014 Ronalds P\u0113tersons, &#8220;Noble Wine&#8221; somelj\u0113<\/p>\n","protected":false},"featured_media":48837,"template":"","meta":[],"product_cat":[2001],"product_tag":[2795],"class_list":["post-44237","product","type-product","status-publish","has-post-thumbnail","hentry","product_cat-wine","product_tag-biggest-saving","pa_country-france","pa_region-burgundy","pa_tips-red-wine","pa_varietal-pinot-noir","pa_vendor-domaine-anne-parent","pa_village-regional"],"acf":[],"_links":{"self":[{"href":"https:\/\/nwold.test.decotec.lv\/en\/wp-json\/wp\/v2\/product\/44237"}],"collection":[{"href":"https:\/\/nwold.test.decotec.lv\/en\/wp-json\/wp\/v2\/product"}],"about":[{"href":"https:\/\/nwold.test.decotec.lv\/en\/wp-json\/wp\/v2\/types\/product"}],"wp:featuredmedia":[{"embeddable":true,"href":"https:\/\/nwold.test.decotec.lv\/en\/wp-json\/wp\/v2\/media\/48837"}],"wp:attachment":[{"href":"https:\/\/nwold.test.decotec.lv\/en\/wp-json\/wp\/v2\/media?parent=44237"}],"wp:term":[{"taxonomy":"product_cat","embeddable":true,"href":"https:\/\/nwold.test.decotec.lv\/en\/wp-json\/wp\/v2\/product_cat?post=44237"},{"taxonomy":"product_tag","embeddable":true,"href":"https:\/\/nwold.test.decotec.lv\/en\/wp-json\/wp\/v2\/product_tag?post=44237"}],"curies":[{"name":"wp","href":"https:\/\/api.w.org\/{rel}","templated":true}]}}