{"id":45894,"date":"2021-08-12T10:51:18","date_gmt":"2021-08-12T07:51:18","guid":{"rendered":"https:\/\/noblewineshop-lv-www.localtest.me\/catalog\/vins\/prosecco-doc-silky-treviso-extra-dry-3\/"},"modified":"2024-01-08T11:40:17","modified_gmt":"2024-01-08T09:40:17","slug":"prosecco-doc-silky-treviso-extra-dry-3","status":"publish","type":"product","link":"https:\/\/nwold.test.decotec.lv\/en\/catalog\/wine\/prosecco-doc-silky-treviso-extra-dry-3\/","title":{"rendered":"Prosecco DOC &#8220;Silky&#8221; Treviso Extra Dry 2019"},"content":{"rendered":"","protected":false},"excerpt":{"rendered":"<p>&#8220;Arom\u0101t\u0101 j\u016btamas miner\u0101lu, jasm\u012bna, laima, kr\u012bta un gatavu bumbieru notis. Gar\u0161\u0101 v\u012bns ir sauss, intens\u012bvs, delik\u0101ts ar citursainu svaigumu un ilgu p\u0113cgar\u0161u.&#8221; \u2014 Ronalds P\u0113tersons, &#8220;Noble Wine&#8221; somelj\u0113<\/p>\n","protected":false},"featured_media":21231,"template":"","meta":[],"product_cat":[2001],"product_tag":[],"class_list":["post-45894","product","type-product","status-publish","has-post-thumbnail","hentry","product_cat-wine","pa_country-italy","pa_region-veneto","pa_tips-sparkling-wine","pa_varietal-glera","pa_vendor-collalto","pa_village-prosecco"],"acf":[],"_links":{"self":[{"href":"https:\/\/nwold.test.decotec.lv\/en\/wp-json\/wp\/v2\/product\/45894"}],"collection":[{"href":"https:\/\/nwold.test.decotec.lv\/en\/wp-json\/wp\/v2\/product"}],"about":[{"href":"https:\/\/nwold.test.decotec.lv\/en\/wp-json\/wp\/v2\/types\/product"}],"wp:featuredmedia":[{"embeddable":true,"href":"https:\/\/nwold.test.decotec.lv\/en\/wp-json\/wp\/v2\/media\/21231"}],"wp:attachment":[{"href":"https:\/\/nwold.test.decotec.lv\/en\/wp-json\/wp\/v2\/media?parent=45894"}],"wp:term":[{"taxonomy":"product_cat","embeddable":true,"href":"https:\/\/nwold.test.decotec.lv\/en\/wp-json\/wp\/v2\/product_cat?post=45894"},{"taxonomy":"product_tag","embeddable":true,"href":"https:\/\/nwold.test.decotec.lv\/en\/wp-json\/wp\/v2\/product_tag?post=45894"}],"curies":[{"name":"wp","href":"https:\/\/api.w.org\/{rel}","templated":true}]}}