{"id":46311,"date":"2020-12-11T02:39:03","date_gmt":"2020-12-11T00:39:03","guid":{"rendered":"https:\/\/noblewineshop-lv-www.localtest.me\/catalog\/vins\/riesling-brauneberger-mandelgraben-eiswein-edelsuss-4\/"},"modified":"2024-02-01T10:32:21","modified_gmt":"2024-02-01T08:32:21","slug":"riesling-brauneberger-mandelgraben-eiswein-edelsuss-4","status":"publish","type":"product","link":"https:\/\/nwold.test.decotec.lv\/en\/catalog\/wine\/riesling-brauneberger-mandelgraben-eiswein-edelsuss-4\/","title":{"rendered":"Riesling Brauneberger Mandelgraben Eiswein * Edelsuss 2009"},"content":{"rendered":"","protected":false},"excerpt":{"rendered":"<p>&#8220;Arom\u0101ta ir j\u016btamas medus, \u017e\u0101v\u0113tu dzelteno \u0101bolu un persiku notis. Gar\u0161\u0101 v\u012bns ir \u013coti sul\u012bgs, labi integr\u0113tu saldumu un cidoniju nians\u0113m. P\u0113cgar\u0161a \u013coti gara.&#8221; &#8211; Ronalds P\u0113tersons, &#8220;Noble Wine&#8221; somelj\u0113<\/p>\n","protected":false},"featured_media":38815,"template":"","meta":[],"product_cat":[2001],"product_tag":[],"class_list":["post-46311","product","type-product","status-publish","has-post-thumbnail","hentry","product_cat-wine","pa_country-germany","pa_region-mosel","pa_tips-red-wine","pa_varietal-riesling","pa_vendor-weingut-markus-molitor"],"acf":[],"_links":{"self":[{"href":"https:\/\/nwold.test.decotec.lv\/en\/wp-json\/wp\/v2\/product\/46311"}],"collection":[{"href":"https:\/\/nwold.test.decotec.lv\/en\/wp-json\/wp\/v2\/product"}],"about":[{"href":"https:\/\/nwold.test.decotec.lv\/en\/wp-json\/wp\/v2\/types\/product"}],"wp:featuredmedia":[{"embeddable":true,"href":"https:\/\/nwold.test.decotec.lv\/en\/wp-json\/wp\/v2\/media\/38815"}],"wp:attachment":[{"href":"https:\/\/nwold.test.decotec.lv\/en\/wp-json\/wp\/v2\/media?parent=46311"}],"wp:term":[{"taxonomy":"product_cat","embeddable":true,"href":"https:\/\/nwold.test.decotec.lv\/en\/wp-json\/wp\/v2\/product_cat?post=46311"},{"taxonomy":"product_tag","embeddable":true,"href":"https:\/\/nwold.test.decotec.lv\/en\/wp-json\/wp\/v2\/product_tag?post=46311"}],"curies":[{"name":"wp","href":"https:\/\/api.w.org\/{rel}","templated":true}]}}