{"id":46362,"date":"2020-12-11T02:32:07","date_gmt":"2020-12-11T00:32:07","guid":{"rendered":"https:\/\/noblewineshop-lv-www.localtest.me\/catalog\/vins\/saumur-champigny-outre-terre-amphore-2-3\/"},"modified":"2022-01-10T15:22:23","modified_gmt":"2022-01-10T13:22:23","slug":"saumur-champigny-outre-terre-amphore-2-3","status":"publish","type":"product","link":"https:\/\/nwold.test.decotec.lv\/en\/catalog\/wine\/saumur-champigny-outre-terre-amphore-2-3\/","title":{"rendered":"Saumur Champigny &#8220;Outre Terre Amphore&#8221; 2018"},"content":{"rendered":"","protected":false},"excerpt":{"rendered":"<p>&#8220;Arom\u0101ts ir izteikts ar tum\u0161\u0101s ogas, graf\u012bta, za\u013co gar\u0161vielu un melnzemes not\u012bm. Gar\u0161\u0101 v\u012bns ir sauss, sul\u012bgs, apa\u013c\u0161 ar kr\u012btainiem tan\u012bniem un ilgu p\u0113cgar\u0161u.&#8221; \u2014 Ronalds P\u0113tersons, &#8220;Noble Wine&#8221; somelj\u0113<\/p>\n","protected":false},"featured_media":37938,"template":"","meta":[],"product_cat":[2001],"product_tag":[],"class_list":["post-46362","product","type-product","status-publish","has-post-thumbnail","hentry","product_cat-wine","pa_country-france","pa_region-loire","pa_tips-red-wine","pa_varietal-cabernet-franc","pa_vendor-domaine-des-roches-neuves","pa_village-saumur-champigny"],"acf":[],"_links":{"self":[{"href":"https:\/\/nwold.test.decotec.lv\/en\/wp-json\/wp\/v2\/product\/46362"}],"collection":[{"href":"https:\/\/nwold.test.decotec.lv\/en\/wp-json\/wp\/v2\/product"}],"about":[{"href":"https:\/\/nwold.test.decotec.lv\/en\/wp-json\/wp\/v2\/types\/product"}],"wp:featuredmedia":[{"embeddable":true,"href":"https:\/\/nwold.test.decotec.lv\/en\/wp-json\/wp\/v2\/media\/37938"}],"wp:attachment":[{"href":"https:\/\/nwold.test.decotec.lv\/en\/wp-json\/wp\/v2\/media?parent=46362"}],"wp:term":[{"taxonomy":"product_cat","embeddable":true,"href":"https:\/\/nwold.test.decotec.lv\/en\/wp-json\/wp\/v2\/product_cat?post=46362"},{"taxonomy":"product_tag","embeddable":true,"href":"https:\/\/nwold.test.decotec.lv\/en\/wp-json\/wp\/v2\/product_tag?post=46362"}],"curies":[{"name":"wp","href":"https:\/\/api.w.org\/{rel}","templated":true}]}}