{"id":46401,"date":"2020-12-11T02:30:53","date_gmt":"2020-12-11T00:30:53","guid":{"rendered":"https:\/\/noblewineshop-lv-www.localtest.me\/catalog\/vins\/jacquesson-avize-champ-ca%d0%bfn-3-3\/"},"modified":"2023-06-15T09:58:35","modified_gmt":"2023-06-15T06:58:35","slug":"jacquesson-avize-champ-ca%d0%bfn-3-3","status":"publish","type":"product","link":"https:\/\/nwold.test.decotec.lv\/en\/catalog\/wine\/jacquesson-avize-champ-ca%d0%bfn-3-3\/","title":{"rendered":"Jacquesson Avize Champ Cain 2009"},"content":{"rendered":"","protected":false},"excerpt":{"rendered":"<p>&#8220;Arom\u0101t\u0101 domin\u0113 elegantas vani\u013cas, orhideju, sviesta un kr\u012bta nianses. Gar\u0161\u0101 izteiktas miner\u0101lu, negatavu nektar\u012bnu un \u0101bolu mizi\u0146u notis. Ener\u0123isks un liels v\u012bns.&#8221; \u2014 Ronalds P\u0113tersons, &#8220;Noble Wine&#8221; somelj\u0113<\/p>\n","protected":false},"featured_media":38655,"template":"","meta":[],"product_cat":[2001],"product_tag":[],"class_list":["post-46401","product","type-product","status-publish","has-post-thumbnail","hentry","product_cat-wine","pa_country-france","pa_region-champagne","pa_tips-sparkling-wine","pa_varietal-chardonnay","pa_vendor-champagne-jacquesson","pa_village-brut"],"acf":[],"_links":{"self":[{"href":"https:\/\/nwold.test.decotec.lv\/en\/wp-json\/wp\/v2\/product\/46401"}],"collection":[{"href":"https:\/\/nwold.test.decotec.lv\/en\/wp-json\/wp\/v2\/product"}],"about":[{"href":"https:\/\/nwold.test.decotec.lv\/en\/wp-json\/wp\/v2\/types\/product"}],"wp:featuredmedia":[{"embeddable":true,"href":"https:\/\/nwold.test.decotec.lv\/en\/wp-json\/wp\/v2\/media\/38655"}],"wp:attachment":[{"href":"https:\/\/nwold.test.decotec.lv\/en\/wp-json\/wp\/v2\/media?parent=46401"}],"wp:term":[{"taxonomy":"product_cat","embeddable":true,"href":"https:\/\/nwold.test.decotec.lv\/en\/wp-json\/wp\/v2\/product_cat?post=46401"},{"taxonomy":"product_tag","embeddable":true,"href":"https:\/\/nwold.test.decotec.lv\/en\/wp-json\/wp\/v2\/product_tag?post=46401"}],"curies":[{"name":"wp","href":"https:\/\/api.w.org\/{rel}","templated":true}]}}