{"id":46425,"date":"2020-12-11T02:30:24","date_gmt":"2020-12-11T00:30:24","guid":{"rendered":"https:\/\/noblewineshop-lv-www.localtest.me\/catalog\/vins\/chablis-grand-cru-valmur-4\/"},"modified":"2022-01-10T15:24:22","modified_gmt":"2022-01-10T13:24:22","slug":"chablis-grand-cru-valmur-4","status":"publish","type":"product","link":"https:\/\/nwold.test.decotec.lv\/en\/catalog\/wine\/chablis-grand-cru-valmur-4\/","title":{"rendered":"Chablis Grand Cru &#8220;Valmur&#8221; 2016"},"content":{"rendered":"","protected":false},"excerpt":{"rendered":"<p>&#8220;V\u012bnam piem\u012bt miner\u0101lu, svaigu aug\u013cu un bergamota notis. Spilgts v\u012bns. P\u0113cgar\u0161\u0101 jau\u0161ams sk\u0101bums, kas nor\u0101da uz lielisku miner\u0101lu strukt\u016bru.&#8221;  \u2014 Ronalds P\u0113tersons, &#8220;Noble Wine&#8221; somelj\u0113<\/p>\n","protected":false},"featured_media":39118,"template":"","meta":[],"product_cat":[2001],"product_tag":[],"class_list":["post-46425","product","type-product","status-publish","has-post-thumbnail","hentry","product_cat-wine","pa_country-france","pa_region-burgundy","pa_tips-white-wine","pa_varietal-chardonnay","pa_vendor-louis-moreau","pa_village-chablis"],"acf":[],"_links":{"self":[{"href":"https:\/\/nwold.test.decotec.lv\/en\/wp-json\/wp\/v2\/product\/46425"}],"collection":[{"href":"https:\/\/nwold.test.decotec.lv\/en\/wp-json\/wp\/v2\/product"}],"about":[{"href":"https:\/\/nwold.test.decotec.lv\/en\/wp-json\/wp\/v2\/types\/product"}],"wp:featuredmedia":[{"embeddable":true,"href":"https:\/\/nwold.test.decotec.lv\/en\/wp-json\/wp\/v2\/media\/39118"}],"wp:attachment":[{"href":"https:\/\/nwold.test.decotec.lv\/en\/wp-json\/wp\/v2\/media?parent=46425"}],"wp:term":[{"taxonomy":"product_cat","embeddable":true,"href":"https:\/\/nwold.test.decotec.lv\/en\/wp-json\/wp\/v2\/product_cat?post=46425"},{"taxonomy":"product_tag","embeddable":true,"href":"https:\/\/nwold.test.decotec.lv\/en\/wp-json\/wp\/v2\/product_tag?post=46425"}],"curies":[{"name":"wp","href":"https:\/\/api.w.org\/{rel}","templated":true}]}}