{"id":46500,"date":"2020-12-11T02:28:19","date_gmt":"2020-12-11T00:28:19","guid":{"rendered":"https:\/\/noblewineshop-lv-www.localtest.me\/catalog\/vins\/le-mont-demi-sec-3\/"},"modified":"2024-01-08T12:31:32","modified_gmt":"2024-01-08T10:31:32","slug":"le-mont-demi-sec-3","status":"publish","type":"product","link":"https:\/\/nwold.test.decotec.lv\/en\/catalog\/wine\/le-mont-demi-sec-3\/","title":{"rendered":"&#8220;Le Mont&#8221; Demi-Sec 2018"},"content":{"rendered":"","protected":false},"excerpt":{"rendered":"<p>&#8220;Arom\u0101ts ir ekspres\u012bvs ar l\u012b\u010diju, citrona un medus not\u012bm. Gar\u0161\u0101 v\u012bns ir pussauss, sul\u012bgs, apa\u013c\u0161 ar bi\u0161u vaska nians\u0113m un ilgu p\u0113cgar\u0161u.&#8221; \u2014 Ronalds P\u0113tersons, &#8220;Noble Wine&#8221; somelj\u0113<\/p>\n","protected":false},"featured_media":38520,"template":"","meta":[],"product_cat":[2001],"product_tag":[],"class_list":["post-46500","product","type-product","status-publish","has-post-thumbnail","hentry","product_cat-wine","pa_country-france","pa_region-loire","pa_tips-white-wine","pa_varietal-chenin-blanc","pa_vendor-domaine-huet","pa_village-vouvray"],"acf":[],"_links":{"self":[{"href":"https:\/\/nwold.test.decotec.lv\/en\/wp-json\/wp\/v2\/product\/46500"}],"collection":[{"href":"https:\/\/nwold.test.decotec.lv\/en\/wp-json\/wp\/v2\/product"}],"about":[{"href":"https:\/\/nwold.test.decotec.lv\/en\/wp-json\/wp\/v2\/types\/product"}],"wp:featuredmedia":[{"embeddable":true,"href":"https:\/\/nwold.test.decotec.lv\/en\/wp-json\/wp\/v2\/media\/38520"}],"wp:attachment":[{"href":"https:\/\/nwold.test.decotec.lv\/en\/wp-json\/wp\/v2\/media?parent=46500"}],"wp:term":[{"taxonomy":"product_cat","embeddable":true,"href":"https:\/\/nwold.test.decotec.lv\/en\/wp-json\/wp\/v2\/product_cat?post=46500"},{"taxonomy":"product_tag","embeddable":true,"href":"https:\/\/nwold.test.decotec.lv\/en\/wp-json\/wp\/v2\/product_tag?post=46500"}],"curies":[{"name":"wp","href":"https:\/\/api.w.org\/{rel}","templated":true}]}}