{"id":46641,"date":"2020-12-11T02:22:56","date_gmt":"2020-12-11T00:22:56","guid":{"rendered":"https:\/\/noblewineshop-lv-www.localtest.me\/catalog\/vins\/blaufrankisch-marienthal-2-3\/"},"modified":"2022-01-10T15:32:02","modified_gmt":"2022-01-10T13:32:02","slug":"blaufrankisch-marienthal-2-3","status":"publish","type":"product","link":"https:\/\/nwold.test.decotec.lv\/en\/catalog\/wine\/blaufrankisch-marienthal-2-3\/","title":{"rendered":"Blaufrankisch &#8220;Marienthal&#8221; 2015"},"content":{"rendered":"","protected":false},"excerpt":{"rendered":"<p>&#8220;Arom\u0101t\u0101 j\u016btamas svaigu ave\u0146u, melle\u0146u, \u0137ir\u0161u, gar\u0161vielu un trife\u013cu notis. Gar\u0161\u0101 v\u012bns ir intens\u012bvs, sul\u012bgs un aug\u013cains. Tan\u012bni ir samtaini, p\u0113cgar\u0161a ir maiga un ilga.&#8221; \u2014 Ronalds P\u0113tersons, &#8220;Noble Wine&#8221; somelj\u0113<\/p>\n","protected":false},"featured_media":38262,"template":"","meta":[],"product_cat":[2001],"product_tag":[],"class_list":["post-46641","product","type-product","status-publish","has-post-thumbnail","hentry","product_cat-wine","pa_country-austria","pa_region-burgenland","pa_tips-red-wine","pa_varietal-blaufrankisch","pa_vendor-weingut-prieler"],"acf":[],"_links":{"self":[{"href":"https:\/\/nwold.test.decotec.lv\/en\/wp-json\/wp\/v2\/product\/46641"}],"collection":[{"href":"https:\/\/nwold.test.decotec.lv\/en\/wp-json\/wp\/v2\/product"}],"about":[{"href":"https:\/\/nwold.test.decotec.lv\/en\/wp-json\/wp\/v2\/types\/product"}],"wp:featuredmedia":[{"embeddable":true,"href":"https:\/\/nwold.test.decotec.lv\/en\/wp-json\/wp\/v2\/media\/38262"}],"wp:attachment":[{"href":"https:\/\/nwold.test.decotec.lv\/en\/wp-json\/wp\/v2\/media?parent=46641"}],"wp:term":[{"taxonomy":"product_cat","embeddable":true,"href":"https:\/\/nwold.test.decotec.lv\/en\/wp-json\/wp\/v2\/product_cat?post=46641"},{"taxonomy":"product_tag","embeddable":true,"href":"https:\/\/nwold.test.decotec.lv\/en\/wp-json\/wp\/v2\/product_tag?post=46641"}],"curies":[{"name":"wp","href":"https:\/\/api.w.org\/{rel}","templated":true}]}}