{"id":46659,"date":"2020-12-11T02:22:12","date_gmt":"2020-12-11T00:22:12","guid":{"rendered":"https:\/\/noblewineshop-lv-www.localtest.me\/catalog\/vins\/cotes-du-jura-vin-jaune-2-3\/"},"modified":"2022-09-26T09:42:47","modified_gmt":"2022-09-26T06:42:47","slug":"cotes-du-jura-vin-jaune-2-3","status":"publish","type":"product","link":"https:\/\/nwold.test.decotec.lv\/en\/catalog\/wine\/cotes-du-jura-vin-jaune-2-3\/","title":{"rendered":"Cotes du Jura  Vin Jaune 2009"},"content":{"rendered":"","protected":false},"excerpt":{"rendered":"<p>&#8220;Arom\u0101t\u0101 j\u016btamas riekstu, kr\u0113juma, marmel\u0101des un d\u016bmu notis. Gar\u0161\u0101 v\u012bns perfekti sabalans\u0113ts, intens\u012bvs, kr\u0113m\u012bgs, elegants un ar ilgu p\u0113cgar\u0161u.&#8221; \u2014 Ronalds P\u0113tersons, &#8220;Noble Wine&#8221; somelj\u0113<\/p>\n","protected":false},"featured_media":38226,"template":"","meta":[],"product_cat":[2001],"product_tag":[],"class_list":["post-46659","product","type-product","status-publish","has-post-thumbnail","hentry","product_cat-wine","pa_country-france","pa_region-jura","pa_tips-white-wine","pa_varietal-savagnin","pa_vendor-domaine-jean-bourdy"],"acf":[],"_links":{"self":[{"href":"https:\/\/nwold.test.decotec.lv\/en\/wp-json\/wp\/v2\/product\/46659"}],"collection":[{"href":"https:\/\/nwold.test.decotec.lv\/en\/wp-json\/wp\/v2\/product"}],"about":[{"href":"https:\/\/nwold.test.decotec.lv\/en\/wp-json\/wp\/v2\/types\/product"}],"wp:featuredmedia":[{"embeddable":true,"href":"https:\/\/nwold.test.decotec.lv\/en\/wp-json\/wp\/v2\/media\/38226"}],"wp:attachment":[{"href":"https:\/\/nwold.test.decotec.lv\/en\/wp-json\/wp\/v2\/media?parent=46659"}],"wp:term":[{"taxonomy":"product_cat","embeddable":true,"href":"https:\/\/nwold.test.decotec.lv\/en\/wp-json\/wp\/v2\/product_cat?post=46659"},{"taxonomy":"product_tag","embeddable":true,"href":"https:\/\/nwold.test.decotec.lv\/en\/wp-json\/wp\/v2\/product_tag?post=46659"}],"curies":[{"name":"wp","href":"https:\/\/api.w.org\/{rel}","templated":true}]}}