{"id":46692,"date":"2020-12-11T02:20:08","date_gmt":"2020-12-11T00:20:08","guid":{"rendered":"https:\/\/noblewineshop-lv-www.localtest.me\/catalog\/vins\/chiroubles-3\/"},"modified":"2022-01-31T11:51:17","modified_gmt":"2022-01-31T09:51:17","slug":"chiroubles-3","status":"publish","type":"product","link":"https:\/\/nwold.test.decotec.lv\/en\/catalog\/wine\/chiroubles-3\/","title":{"rendered":"Chiroubles 2017"},"content":{"rendered":"","protected":false},"excerpt":{"rendered":"<p>&#8220;Arom\u0101t\u0101 j\u016btamas zeme\u0146u, upe\u0146u un \u0137ir\u0161u notis. Gar\u0161a ir sul\u012bga ar z\u012bdainiem tan\u012bniem un j\u016btam\u0101m \u0137ir\u0161u, zeme\u0146u un saldo gar\u0161vielu not\u012bm. V\u012bns paredz\u0113ts baud\u012b\u0161anai ikdien\u0101.&#8221;  \u2014 Ronalds P\u0113tersons, &#8220;Noble Wine&#8221; somelj\u0113<\/p>\n","protected":false},"featured_media":38118,"template":"","meta":[],"product_cat":[2001],"product_tag":[],"class_list":["post-46692","product","type-product","status-publish","has-post-thumbnail","hentry","product_cat-wine","pa_country-france","pa_region-burgundy","pa_tips-red-wine","pa_varietal-gamay","pa_vendor-domaine-lafarge","pa_village-beaujolais"],"acf":[],"_links":{"self":[{"href":"https:\/\/nwold.test.decotec.lv\/en\/wp-json\/wp\/v2\/product\/46692"}],"collection":[{"href":"https:\/\/nwold.test.decotec.lv\/en\/wp-json\/wp\/v2\/product"}],"about":[{"href":"https:\/\/nwold.test.decotec.lv\/en\/wp-json\/wp\/v2\/types\/product"}],"wp:featuredmedia":[{"embeddable":true,"href":"https:\/\/nwold.test.decotec.lv\/en\/wp-json\/wp\/v2\/media\/38118"}],"wp:attachment":[{"href":"https:\/\/nwold.test.decotec.lv\/en\/wp-json\/wp\/v2\/media?parent=46692"}],"wp:term":[{"taxonomy":"product_cat","embeddable":true,"href":"https:\/\/nwold.test.decotec.lv\/en\/wp-json\/wp\/v2\/product_cat?post=46692"},{"taxonomy":"product_tag","embeddable":true,"href":"https:\/\/nwold.test.decotec.lv\/en\/wp-json\/wp\/v2\/product_tag?post=46692"}],"curies":[{"name":"wp","href":"https:\/\/api.w.org\/{rel}","templated":true}]}}