{"id":46866,"date":"2020-12-11T02:13:44","date_gmt":"2020-12-11T00:13:44","guid":{"rendered":"https:\/\/noblewineshop-lv-www.localtest.me\/catalog\/vins\/cote-rotie-maison-rouge-3\/"},"modified":"2024-02-01T10:07:46","modified_gmt":"2024-02-01T08:07:46","slug":"cote-rotie-maison-rouge-3","status":"publish","type":"product","link":"https:\/\/nwold.test.decotec.lv\/en\/catalog\/wine\/cote-rotie-maison-rouge-3\/","title":{"rendered":"Cote Rotie &#8220;Maison Rouge&#8221; 2013"},"content":{"rendered":"","protected":false},"excerpt":{"rendered":"<p>&#8220;Arom\u0101t\u0101 j\u016btamas negatavu tum\u0161o ogu, d\u016bmu un trife\u013cu notis. Gar\u0161\u0101 v\u012bns ir intens\u012bvs, sul\u012bgs un aug\u013cains. Tan\u012bni ir samtaini, p\u0113cgar\u0161a ir maiga un ilga.&#8221; \u2014 Ronalds P\u0113tersons, &#8220;Noble Wine&#8221; somelj\u0113<\/p>\n","protected":false},"featured_media":37872,"template":"","meta":[],"product_cat":[2001],"product_tag":[5834],"class_list":["post-46866","product","type-product","status-publish","has-post-thumbnail","hentry","product_cat-wine","product_tag-french_lovers","pa_country-france","pa_region-rhone","pa_tips-red-wine","pa_varietal-syrah","pa_varietal-viognier","pa_vendor-domaine-georges-vernay","pa_village-cote-rotie"],"acf":[],"_links":{"self":[{"href":"https:\/\/nwold.test.decotec.lv\/en\/wp-json\/wp\/v2\/product\/46866"}],"collection":[{"href":"https:\/\/nwold.test.decotec.lv\/en\/wp-json\/wp\/v2\/product"}],"about":[{"href":"https:\/\/nwold.test.decotec.lv\/en\/wp-json\/wp\/v2\/types\/product"}],"wp:featuredmedia":[{"embeddable":true,"href":"https:\/\/nwold.test.decotec.lv\/en\/wp-json\/wp\/v2\/media\/37872"}],"wp:attachment":[{"href":"https:\/\/nwold.test.decotec.lv\/en\/wp-json\/wp\/v2\/media?parent=46866"}],"wp:term":[{"taxonomy":"product_cat","embeddable":true,"href":"https:\/\/nwold.test.decotec.lv\/en\/wp-json\/wp\/v2\/product_cat?post=46866"},{"taxonomy":"product_tag","embeddable":true,"href":"https:\/\/nwold.test.decotec.lv\/en\/wp-json\/wp\/v2\/product_tag?post=46866"}],"curies":[{"name":"wp","href":"https:\/\/api.w.org\/{rel}","templated":true}]}}