{"id":47196,"date":"2020-12-11T02:05:17","date_gmt":"2020-12-11T00:05:17","guid":{"rendered":"https:\/\/noblewineshop-lv-www.localtest.me\/catalog\/strong-alcohol-lv-2\/armagnac-1980-3\/"},"modified":"2022-01-10T15:50:00","modified_gmt":"2022-01-10T13:50:00","slug":"armagnac-1980-3","status":"publish","type":"product","link":"https:\/\/nwold.test.decotec.lv\/en\/catalog\/strong-alcohol\/armagnac-1980-3\/","title":{"rendered":"Armagnac  1980"},"content":{"rendered":"","protected":false},"excerpt":{"rendered":"<p>&#8220;Arom\u0101t\u0101 j\u016btamas vijol\u012b\u0161u, kan\u0113\u013ca un d\u016bmu notis. Gar\u0161\u0101 alkohols ir maigs ar kauli\u0146aug\u013cu un riekstu nians\u0113m.&#8221; \u2014 Ronalds P\u0113tersons, &#8220;Noble Wine&#8221; somelj\u0113 <\/p>\n","protected":false},"featured_media":35267,"template":"","meta":[],"product_cat":[2003],"product_tag":[],"class_list":["post-47196","product","type-product","status-publish","has-post-thumbnail","hentry","product_cat-strong-alcohol","pa_region-armagnac-aoc","pa_tips-armagnac","pa_vendor-de-montal"],"acf":[],"_links":{"self":[{"href":"https:\/\/nwold.test.decotec.lv\/en\/wp-json\/wp\/v2\/product\/47196"}],"collection":[{"href":"https:\/\/nwold.test.decotec.lv\/en\/wp-json\/wp\/v2\/product"}],"about":[{"href":"https:\/\/nwold.test.decotec.lv\/en\/wp-json\/wp\/v2\/types\/product"}],"wp:featuredmedia":[{"embeddable":true,"href":"https:\/\/nwold.test.decotec.lv\/en\/wp-json\/wp\/v2\/media\/35267"}],"wp:attachment":[{"href":"https:\/\/nwold.test.decotec.lv\/en\/wp-json\/wp\/v2\/media?parent=47196"}],"wp:term":[{"taxonomy":"product_cat","embeddable":true,"href":"https:\/\/nwold.test.decotec.lv\/en\/wp-json\/wp\/v2\/product_cat?post=47196"},{"taxonomy":"product_tag","embeddable":true,"href":"https:\/\/nwold.test.decotec.lv\/en\/wp-json\/wp\/v2\/product_tag?post=47196"}],"curies":[{"name":"wp","href":"https:\/\/api.w.org\/{rel}","templated":true}]}}