{"id":47250,"date":"2020-12-11T02:04:21","date_gmt":"2020-12-11T00:04:21","guid":{"rendered":"https:\/\/noblewineshop-lv-www.localtest.me\/catalog\/strong-alcohol-lv-2\/armagnac-2002-3\/"},"modified":"2022-01-10T15:52:08","modified_gmt":"2022-01-10T13:52:08","slug":"armagnac-2002-3","status":"publish","type":"product","link":"https:\/\/nwold.test.decotec.lv\/en\/catalog\/strong-alcohol\/armagnac-2002-3\/","title":{"rendered":"Armagnac  2002"},"content":{"rendered":"","protected":false},"excerpt":{"rendered":"<p>&#8220;Arom\u0101t\u0101 j\u016btamas apriko\u017eu, persiku, kan\u0113\u013ca un karameles notis. Gar\u0161\u0101 alkohols ir maigs ar kauli\u0146aug\u013cu un riekstu nians\u0113m.&#8221; \u2014 Ronalds P\u0113tersons, &#8220;Noble Wine&#8221; somelj\u0113 <\/p>\n","protected":false},"featured_media":35204,"template":"","meta":[],"product_cat":[2003],"product_tag":[],"class_list":["post-47250","product","type-product","status-publish","has-post-thumbnail","hentry","product_cat-strong-alcohol","pa_region-armagnac-aoc","pa_tips-armagnac","pa_vendor-de-montal"],"acf":[],"_links":{"self":[{"href":"https:\/\/nwold.test.decotec.lv\/en\/wp-json\/wp\/v2\/product\/47250"}],"collection":[{"href":"https:\/\/nwold.test.decotec.lv\/en\/wp-json\/wp\/v2\/product"}],"about":[{"href":"https:\/\/nwold.test.decotec.lv\/en\/wp-json\/wp\/v2\/types\/product"}],"wp:featuredmedia":[{"embeddable":true,"href":"https:\/\/nwold.test.decotec.lv\/en\/wp-json\/wp\/v2\/media\/35204"}],"wp:attachment":[{"href":"https:\/\/nwold.test.decotec.lv\/en\/wp-json\/wp\/v2\/media?parent=47250"}],"wp:term":[{"taxonomy":"product_cat","embeddable":true,"href":"https:\/\/nwold.test.decotec.lv\/en\/wp-json\/wp\/v2\/product_cat?post=47250"},{"taxonomy":"product_tag","embeddable":true,"href":"https:\/\/nwold.test.decotec.lv\/en\/wp-json\/wp\/v2\/product_tag?post=47250"}],"curies":[{"name":"wp","href":"https:\/\/api.w.org\/{rel}","templated":true}]}}