{"id":47844,"date":"2022-01-14T15:22:35","date_gmt":"2022-01-14T13:22:35","guid":{"rendered":"https:\/\/noblewine.lv\/?post_type=product&#038;p=47844"},"modified":"2024-05-24T22:52:16","modified_gmt":"2024-05-24T19:52:16","slug":"calon-segur-3eme-cru-classe-st-estephe-2006","status":"publish","type":"product","link":"https:\/\/nwold.test.decotec.lv\/en\/catalog\/wine\/calon-segur-3eme-cru-classe-st-estephe-2006\/","title":{"rendered":"&#8220;Calon Segur&#8221; 3eme Cru Classe St.Estephe 2006"},"content":{"rendered":"","protected":false},"excerpt":{"rendered":"<p>&#8220;Arom\u0101t\u0101 j\u016btamas lakricas, upe\u0146u, tabakas un pikantu gar\u0161vielu notis. Gar\u0161\u0101 v\u012bns ir vid\u0113jas miesas b\u016bves ar upe\u0146u un piparu nians\u0113m. Tan\u012bni ir kr\u012btaini un agres\u012bvi.&#8221; \u2014 Ronalds P\u0113tersons, &#8220;Noble Wine&#8221; somelj\u0113<\/p>\n","protected":false},"featured_media":21081,"template":"","meta":[],"product_cat":[2001],"product_tag":[2795],"class_list":["post-47844","product","type-product","status-publish","has-post-thumbnail","hentry","product_cat-wine","product_tag-biggest-saving","pa_country-france","pa_region-bordeaux","pa_tips-red-wine","pa_varietal-cabernet-franc","pa_varietal-cabernet-sauvignon","pa_varietal-merlot","pa_varietal-petit-verdot","pa_vendor-chateau-calon-segur","pa_village-saint-estephe"],"acf":[],"_links":{"self":[{"href":"https:\/\/nwold.test.decotec.lv\/en\/wp-json\/wp\/v2\/product\/47844"}],"collection":[{"href":"https:\/\/nwold.test.decotec.lv\/en\/wp-json\/wp\/v2\/product"}],"about":[{"href":"https:\/\/nwold.test.decotec.lv\/en\/wp-json\/wp\/v2\/types\/product"}],"wp:featuredmedia":[{"embeddable":true,"href":"https:\/\/nwold.test.decotec.lv\/en\/wp-json\/wp\/v2\/media\/21081"}],"wp:attachment":[{"href":"https:\/\/nwold.test.decotec.lv\/en\/wp-json\/wp\/v2\/media?parent=47844"}],"wp:term":[{"taxonomy":"product_cat","embeddable":true,"href":"https:\/\/nwold.test.decotec.lv\/en\/wp-json\/wp\/v2\/product_cat?post=47844"},{"taxonomy":"product_tag","embeddable":true,"href":"https:\/\/nwold.test.decotec.lv\/en\/wp-json\/wp\/v2\/product_tag?post=47844"}],"curies":[{"name":"wp","href":"https:\/\/api.w.org\/{rel}","templated":true}]}}