{"id":48472,"date":"2021-12-28T19:42:11","date_gmt":"2021-12-28T17:42:11","guid":{"rendered":"https:\/\/noblewine.lv\/?post_type=product&#038;p=48472"},"modified":"2024-05-20T10:34:27","modified_gmt":"2024-05-20T07:34:27","slug":"troupe-rias-baixas-d-o-2020","status":"publish","type":"product","link":"https:\/\/nwold.test.decotec.lv\/en\/catalog\/wine\/troupe-rias-baixas-d-o-2020\/","title":{"rendered":"Albarino &#8220;Troupe&#8221; Rias Baixas 2020"},"content":{"rendered":"","protected":false},"excerpt":{"rendered":"<p>&#8220;Arom\u0101t\u0101 j\u016btamas, za\u013co \u0101bolu un svaigi grieztas z\u0101les notis. Gar\u0161\u0101 v\u012bns ir sul\u012bgs, ar \u0101bolu un citrusu nians\u0113m. Tekst\u016bra ir krauk\u0161\u0137\u012bga. P\u0113cgar\u0161a ir vid\u0113ji ilga.&#8221; \u2014 Ronalds P\u0113tersons, &#8220;Noble Wine&#8221; somelj\u0113<\/p>\n","protected":false},"featured_media":48299,"template":"","meta":[],"product_cat":[2001],"product_tag":[],"class_list":["post-48472","product","type-product","status-publish","has-post-thumbnail","hentry","product_cat-wine","pa_country-spain","pa_region-galicia","pa_tips-white-wine","pa_varietal-albarino","pa_vendor-mar-de-envero-en","pa_village-rias-baixas"],"acf":[],"_links":{"self":[{"href":"https:\/\/nwold.test.decotec.lv\/en\/wp-json\/wp\/v2\/product\/48472"}],"collection":[{"href":"https:\/\/nwold.test.decotec.lv\/en\/wp-json\/wp\/v2\/product"}],"about":[{"href":"https:\/\/nwold.test.decotec.lv\/en\/wp-json\/wp\/v2\/types\/product"}],"wp:featuredmedia":[{"embeddable":true,"href":"https:\/\/nwold.test.decotec.lv\/en\/wp-json\/wp\/v2\/media\/48299"}],"wp:attachment":[{"href":"https:\/\/nwold.test.decotec.lv\/en\/wp-json\/wp\/v2\/media?parent=48472"}],"wp:term":[{"taxonomy":"product_cat","embeddable":true,"href":"https:\/\/nwold.test.decotec.lv\/en\/wp-json\/wp\/v2\/product_cat?post=48472"},{"taxonomy":"product_tag","embeddable":true,"href":"https:\/\/nwold.test.decotec.lv\/en\/wp-json\/wp\/v2\/product_tag?post=48472"}],"curies":[{"name":"wp","href":"https:\/\/api.w.org\/{rel}","templated":true}]}}