{"id":48594,"date":"2022-03-03T12:40:47","date_gmt":"2022-03-03T10:40:47","guid":{"rendered":"https:\/\/noblewine.lv\/?post_type=product&#038;p=48594"},"modified":"2024-05-13T13:45:03","modified_gmt":"2024-05-13T10:45:03","slug":"volnay-1er-cru-clos-du-chateau-des-ducs-2018","status":"publish","type":"product","link":"https:\/\/nwold.test.decotec.lv\/en\/catalog\/wine\/volnay-1er-cru-clos-du-chateau-des-ducs-2018\/","title":{"rendered":"Volnay 1er Cru &#8220;Clos du Chateau des Ducs&#8221; 2018"},"content":{"rendered":"","protected":false},"excerpt":{"rendered":"<p>&#8220;Arom\u0101t\u0101 j\u016btamas glaz\u0113tas sarkano ogu notis ar d\u016bmu un melnzemes nians\u0113m fon\u0101. Gar\u0161a ir sul\u012bga, intens\u012bva ar gatavu sarkano ogu, saldo gar\u0161vielu un riekstu nians\u0113m. Maigi un z\u012bdaini tan\u012bni. Sul\u012bga un tum\u012bga p\u0113cgar\u0161a ar gar\u0161vielu not\u012bm.&#8221; \u2014 Ronalds P\u0113tersons, &#8220;Noble Wine&#8221; somelj\u0113<\/p>\n","protected":false},"featured_media":48413,"template":"","meta":[],"product_cat":[2001],"product_tag":[],"class_list":["post-48594","product","type-product","status-publish","has-post-thumbnail","hentry","product_cat-wine","pa_country-france","pa_region-burgundy","pa_tips-red-wine","pa_varietal-pinot-noir","pa_vendor-domaine-lafarge","pa_village-volnay"],"acf":[],"_links":{"self":[{"href":"https:\/\/nwold.test.decotec.lv\/en\/wp-json\/wp\/v2\/product\/48594"}],"collection":[{"href":"https:\/\/nwold.test.decotec.lv\/en\/wp-json\/wp\/v2\/product"}],"about":[{"href":"https:\/\/nwold.test.decotec.lv\/en\/wp-json\/wp\/v2\/types\/product"}],"wp:featuredmedia":[{"embeddable":true,"href":"https:\/\/nwold.test.decotec.lv\/en\/wp-json\/wp\/v2\/media\/48413"}],"wp:attachment":[{"href":"https:\/\/nwold.test.decotec.lv\/en\/wp-json\/wp\/v2\/media?parent=48594"}],"wp:term":[{"taxonomy":"product_cat","embeddable":true,"href":"https:\/\/nwold.test.decotec.lv\/en\/wp-json\/wp\/v2\/product_cat?post=48594"},{"taxonomy":"product_tag","embeddable":true,"href":"https:\/\/nwold.test.decotec.lv\/en\/wp-json\/wp\/v2\/product_tag?post=48594"}],"curies":[{"name":"wp","href":"https:\/\/api.w.org\/{rel}","templated":true}]}}