{"id":49414,"date":"2022-03-14T15:01:30","date_gmt":"2022-03-14T13:01:30","guid":{"rendered":"https:\/\/noblewine.lv\/?post_type=product&#038;p=49414"},"modified":"2024-05-20T08:34:16","modified_gmt":"2024-05-20T05:34:16","slug":"pinot-blanc-einstern-trocken-2018","status":"publish","type":"product","link":"https:\/\/nwold.test.decotec.lv\/en\/catalog\/wine\/pinot-blanc-einstern-trocken-2018\/","title":{"rendered":"Pinot Blanc Einstern * Trocken 2018"},"content":{"rendered":"","protected":false},"excerpt":{"rendered":"<p>&#8220;Arom\u0101ta ir j\u016btama negatavu apriko\u017eu, dzeltano \u0101bolu un liepziedu notis. Gar\u0161\u0101 v\u012bns ir sul\u012bgs, z\u012bdains ar citrusu un sul\u012bga \u0101bola nians\u0113m. P\u0113cgar\u0161a \u013coti gara.&#8221; &#8211; Ronalds P\u0113tersons, &#8220;Noble Wine&#8221; somelj\u0113<\/p>\n","protected":false},"featured_media":39370,"template":"","meta":[],"product_cat":[2001],"product_tag":[],"class_list":["post-49414","product","type-product","status-publish","has-post-thumbnail","hentry","product_cat-wine","pa_country-germany","pa_region-mosel","pa_tips-white-wine","pa_varietal-pinot-blanc","pa_vendor-weingut-markus-molitor"],"acf":[],"_links":{"self":[{"href":"https:\/\/nwold.test.decotec.lv\/en\/wp-json\/wp\/v2\/product\/49414"}],"collection":[{"href":"https:\/\/nwold.test.decotec.lv\/en\/wp-json\/wp\/v2\/product"}],"about":[{"href":"https:\/\/nwold.test.decotec.lv\/en\/wp-json\/wp\/v2\/types\/product"}],"wp:featuredmedia":[{"embeddable":true,"href":"https:\/\/nwold.test.decotec.lv\/en\/wp-json\/wp\/v2\/media\/39370"}],"wp:attachment":[{"href":"https:\/\/nwold.test.decotec.lv\/en\/wp-json\/wp\/v2\/media?parent=49414"}],"wp:term":[{"taxonomy":"product_cat","embeddable":true,"href":"https:\/\/nwold.test.decotec.lv\/en\/wp-json\/wp\/v2\/product_cat?post=49414"},{"taxonomy":"product_tag","embeddable":true,"href":"https:\/\/nwold.test.decotec.lv\/en\/wp-json\/wp\/v2\/product_tag?post=49414"}],"curies":[{"name":"wp","href":"https:\/\/api.w.org\/{rel}","templated":true}]}}