{"id":49518,"date":"2022-03-16T17:44:12","date_gmt":"2022-03-16T15:44:12","guid":{"rendered":"https:\/\/noblewine.lv\/?post_type=product&#038;p=49518"},"modified":"2024-05-01T09:13:06","modified_gmt":"2024-05-01T06:13:06","slug":"gjola-colli-del-limbara-2020","status":"publish","type":"product","link":"https:\/\/nwold.test.decotec.lv\/en\/catalog\/wine\/gjola-colli-del-limbara-2020\/","title":{"rendered":"&#8220;Gjola&#8221; Colli del Limbara 2020"},"content":{"rendered":"","protected":false},"excerpt":{"rendered":"<p>&#8220;Arom\u0101t\u0101 ir j\u016btamas zeme\u0146u un sarkan\u0101 greipfr\u016bta notis. Gar\u0161\u0101 j\u016btamas sarkano j\u0101\u0146ogu nianses un svaigums.&#8221; \u2014 Ronalds P\u0113tersons, &#8220;Noble Wine&#8221; somelj\u0113<\/p>\n","protected":false},"featured_media":42064,"template":"","meta":[],"product_cat":[2001],"product_tag":[2795],"class_list":["post-49518","product","type-product","status-publish","has-post-thumbnail","hentry","product_cat-wine","product_tag-biggest-saving","pa_country-italy","pa_region-sardegna","pa_tips-rose-wine","pa_varietal-caricagiola","pa_vendor-vigne-surrau"],"acf":[],"_links":{"self":[{"href":"https:\/\/nwold.test.decotec.lv\/en\/wp-json\/wp\/v2\/product\/49518"}],"collection":[{"href":"https:\/\/nwold.test.decotec.lv\/en\/wp-json\/wp\/v2\/product"}],"about":[{"href":"https:\/\/nwold.test.decotec.lv\/en\/wp-json\/wp\/v2\/types\/product"}],"wp:featuredmedia":[{"embeddable":true,"href":"https:\/\/nwold.test.decotec.lv\/en\/wp-json\/wp\/v2\/media\/42064"}],"wp:attachment":[{"href":"https:\/\/nwold.test.decotec.lv\/en\/wp-json\/wp\/v2\/media?parent=49518"}],"wp:term":[{"taxonomy":"product_cat","embeddable":true,"href":"https:\/\/nwold.test.decotec.lv\/en\/wp-json\/wp\/v2\/product_cat?post=49518"},{"taxonomy":"product_tag","embeddable":true,"href":"https:\/\/nwold.test.decotec.lv\/en\/wp-json\/wp\/v2\/product_tag?post=49518"}],"curies":[{"name":"wp","href":"https:\/\/api.w.org\/{rel}","templated":true}]}}