{"id":50190,"date":"2022-03-30T16:20:10","date_gmt":"2022-03-30T13:20:10","guid":{"rendered":"https:\/\/noblewine.lv\/?post_type=product&#038;p=50190"},"modified":"2024-05-22T07:44:51","modified_gmt":"2024-05-22T04:44:51","slug":"garnacha-carinena-rec-de-brau-2017","status":"publish","type":"product","link":"https:\/\/nwold.test.decotec.lv\/en\/catalog\/wine\/garnacha-carinena-rec-de-brau-2017\/","title":{"rendered":"Garnacha &#038; Cari\u00f1ena &#8221;Rec de Brau&#8221; 2017"},"content":{"rendered":"","protected":false},"excerpt":{"rendered":"<p>&#8220;Arom\u0101t\u0101 j\u016btamas svaigu kaze\u0146u, tum\u0161o \u0137ir\u0161u, za\u013co piparu un Provansas gar\u0161vielu notis. Gar\u0161\u0101 v\u012bns ir intens\u012bvs, sauss, ar akt\u012bviem tan\u012bnie un aug\u013cains.&#8221; \u2014 Ronalds P\u0113tersons, &#8220;Noble Wine&#8221; somelj\u0113<\/p>\n","protected":false},"featured_media":39352,"template":"","meta":[],"product_cat":[2001],"product_tag":[2795],"class_list":["post-50190","product","type-product","status-publish","has-post-thumbnail","hentry","product_cat-wine","product_tag-biggest-saving","pa_country-spain","pa_region-catalunya","pa_tips-red-wine","pa_varietal-carinyena","pa_varietal-garnacha","pa_vendor-cellers-den-guilla-en","pa_village-emporda"],"acf":[],"_links":{"self":[{"href":"https:\/\/nwold.test.decotec.lv\/en\/wp-json\/wp\/v2\/product\/50190"}],"collection":[{"href":"https:\/\/nwold.test.decotec.lv\/en\/wp-json\/wp\/v2\/product"}],"about":[{"href":"https:\/\/nwold.test.decotec.lv\/en\/wp-json\/wp\/v2\/types\/product"}],"wp:featuredmedia":[{"embeddable":true,"href":"https:\/\/nwold.test.decotec.lv\/en\/wp-json\/wp\/v2\/media\/39352"}],"wp:attachment":[{"href":"https:\/\/nwold.test.decotec.lv\/en\/wp-json\/wp\/v2\/media?parent=50190"}],"wp:term":[{"taxonomy":"product_cat","embeddable":true,"href":"https:\/\/nwold.test.decotec.lv\/en\/wp-json\/wp\/v2\/product_cat?post=50190"},{"taxonomy":"product_tag","embeddable":true,"href":"https:\/\/nwold.test.decotec.lv\/en\/wp-json\/wp\/v2\/product_tag?post=50190"}],"curies":[{"name":"wp","href":"https:\/\/api.w.org\/{rel}","templated":true}]}}