{"id":51653,"date":"2022-04-22T11:26:18","date_gmt":"2022-04-22T08:26:18","guid":{"rendered":"https:\/\/noblewine.lv\/?post_type=product&#038;p=51653"},"modified":"2024-05-24T22:52:55","modified_gmt":"2024-05-24T19:52:55","slug":"pure-cote-de-provence-aoc-2021","status":"publish","type":"product","link":"https:\/\/nwold.test.decotec.lv\/en\/catalog\/wine\/pure-cote-de-provence-aoc-2021\/","title":{"rendered":"&#8220;Pure&#8221; Cote de Provence AOC 2021"},"content":{"rendered":"","protected":false},"excerpt":{"rendered":"<p>Sauss roz\u0101 v\u012bns &#8220;Arom\u0101t\u0101 j\u016btamas delik\u0101tas gran\u0101t\u0101bola, l\u012b\u010dijas un kumkvata notis. Gar\u0161\u0101 v\u012bns ir t\u012brs, svaigs, ar jau\u0161am\u0101m gatavo sarkano ogu nians\u0113m.&#8221; \u2014 Ronalds P\u0113tersons, &#8220;Noble Wine&#8221; somelj\u0113<\/p>\n","protected":false},"featured_media":51648,"template":"","meta":[],"product_cat":[2001],"product_tag":[],"class_list":["post-51653","product","type-product","status-publish","has-post-thumbnail","hentry","product_cat-wine","pa_country-france","pa_region-provence","pa_tips-rose-wine","pa_varietal-cinsault","pa_varietal-grenache","pa_varietal-syrah","pa_vendor-maison-mirabeau-en"],"acf":[],"_links":{"self":[{"href":"https:\/\/nwold.test.decotec.lv\/en\/wp-json\/wp\/v2\/product\/51653"}],"collection":[{"href":"https:\/\/nwold.test.decotec.lv\/en\/wp-json\/wp\/v2\/product"}],"about":[{"href":"https:\/\/nwold.test.decotec.lv\/en\/wp-json\/wp\/v2\/types\/product"}],"wp:featuredmedia":[{"embeddable":true,"href":"https:\/\/nwold.test.decotec.lv\/en\/wp-json\/wp\/v2\/media\/51648"}],"wp:attachment":[{"href":"https:\/\/nwold.test.decotec.lv\/en\/wp-json\/wp\/v2\/media?parent=51653"}],"wp:term":[{"taxonomy":"product_cat","embeddable":true,"href":"https:\/\/nwold.test.decotec.lv\/en\/wp-json\/wp\/v2\/product_cat?post=51653"},{"taxonomy":"product_tag","embeddable":true,"href":"https:\/\/nwold.test.decotec.lv\/en\/wp-json\/wp\/v2\/product_tag?post=51653"}],"curies":[{"name":"wp","href":"https:\/\/api.w.org\/{rel}","templated":true}]}}