{"id":51716,"date":"2022-04-25T14:12:11","date_gmt":"2022-04-25T11:12:11","guid":{"rendered":"https:\/\/noblewine.lv\/?post_type=product&#038;p=51108"},"modified":"2022-04-25T14:12:11","modified_gmt":"2022-04-25T11:12:11","slug":"caviar-champagne-bar-3","status":"publish","type":"product","link":"https:\/\/nwold.test.decotec.lv\/en\/catalog\/uncategorized\/caviar-champagne-bar-3\/","title":{"rendered":"CAVIAR &amp; CHAMPAGNE BAR"},"content":{"rendered":"","protected":false},"excerpt":{"rendered":"<p><span style=\"font-weight: 400;\">Aicin\u0101m piektdienas vakaru pavad\u012bt gar\u0161u baudu augst\u0101kaj\u0101 pilot\u0101\u017e\u0101\u00a0 \u2014\u00a0 ar \u0161ampanieti un kavi\u0101ru! Noble Wine pied\u0101v\u0101 gaid\u012bto b\u0101ra apmekl\u0113jumu iegriezt nedaudz svin\u012bg\u0101k\u0101 griezien\u0101, pie letes nobaudot l\u012bdz 15 da\u017e\u0101du \u0161ampanie\u0161u un dzirksto\u0161o v\u012bnu paraugu, kas lieliski sader\u0113s ar m\u016bsu izmekl\u0113taj\u0101m uzkod\u0101m \u2014 ikriem no Mottras. M\u016bsu v\u012bnzi\u0146i par\u016bp\u0113sies par aizraujo\u0161as un skaistas ned\u0113\u013cas nosl\u0113gumu, serv\u0113jot v\u0113su \u0161ampanieti un atbildot uz visiem J\u016bsu interes\u0113jo\u0161iem jaut\u0101jumiem!<\/span><\/p>\n<p>&nbsp;<\/p>\n<p>Par jebkuru jaut\u0101jumu saist\u012bb\u0101 ar degust\u0101ciju organiz\u0101ciju un norisi l\u016bgums v\u0113rsties pa t\u0101lruni\u00a0<a href=\"tel:+37120101111\"><span style=\"text-decoration: underline;\">+371 20101111<\/span>\u00a0<\/a>vai e-past\u0101<span style=\"text-decoration: underline;\">\u00a0<a href=\"mailto:sandra.grinmane@noblewine.lv\">sandra.grinmane@noblewine.lv<\/a><\/span><\/p>\n","protected":false},"featured_media":0,"template":"","meta":[],"product_cat":[],"product_tag":[],"class_list":["post-51716","product","type-product","status-publish","hentry"],"acf":[],"_links":{"self":[{"href":"https:\/\/nwold.test.decotec.lv\/en\/wp-json\/wp\/v2\/product\/51716"}],"collection":[{"href":"https:\/\/nwold.test.decotec.lv\/en\/wp-json\/wp\/v2\/product"}],"about":[{"href":"https:\/\/nwold.test.decotec.lv\/en\/wp-json\/wp\/v2\/types\/product"}],"wp:attachment":[{"href":"https:\/\/nwold.test.decotec.lv\/en\/wp-json\/wp\/v2\/media?parent=51716"}],"wp:term":[{"taxonomy":"product_cat","embeddable":true,"href":"https:\/\/nwold.test.decotec.lv\/en\/wp-json\/wp\/v2\/product_cat?post=51716"},{"taxonomy":"product_tag","embeddable":true,"href":"https:\/\/nwold.test.decotec.lv\/en\/wp-json\/wp\/v2\/product_tag?post=51716"}],"curies":[{"name":"wp","href":"https:\/\/api.w.org\/{rel}","templated":true}]}}