{"id":51943,"date":"2022-04-21T14:00:39","date_gmt":"2022-04-21T11:00:39","guid":{"rendered":"https:\/\/noblewine.lv\/?post_type=product&#038;p=51943"},"modified":"2024-04-18T15:21:37","modified_gmt":"2024-04-18T12:21:37","slug":"paje-v-v-barbaresco-d-o-c-g-2016","status":"publish","type":"product","link":"https:\/\/nwold.test.decotec.lv\/en\/catalog\/wine\/paje-v-v-barbaresco-d-o-c-g-2016\/","title":{"rendered":"&#8220;Paje V.V.&#8221; Barbaresco D.O.C.G.  2016"},"content":{"rendered":"","protected":false},"excerpt":{"rendered":"<p>Arom\u0101t\u0101 j\u016btamas gatavu sarkano \u0137ir\u0161u, asfalta un melnzemes notis. Gar\u0161a eleganta ar sul\u012bgu \u0137ir\u0161u, riekstu un kalt\u0113tu sarkano ogu not\u012bm. Tan\u012bni ir izteikti. P\u0113cgar\u0161a ir eleganta. \u2014 Ronalds P\u0113tersons, &#8220;Noble Wine&#8221; somelj\u0113<\/p>\n","protected":false},"featured_media":38298,"template":"","meta":[],"product_cat":[2001],"product_tag":[2822,4741],"class_list":["post-51943","product","type-product","status-publish","has-post-thumbnail","hentry","product_cat-wine","product_tag-barolo-barbaresco","product_tag-fine-wine","pa_country-italy","pa_region-piedmont","pa_tips-red-wine","pa_varietal-nebbiolo","pa_vendor-roagna","pa_village-barbaresco"],"acf":[],"_links":{"self":[{"href":"https:\/\/nwold.test.decotec.lv\/en\/wp-json\/wp\/v2\/product\/51943"}],"collection":[{"href":"https:\/\/nwold.test.decotec.lv\/en\/wp-json\/wp\/v2\/product"}],"about":[{"href":"https:\/\/nwold.test.decotec.lv\/en\/wp-json\/wp\/v2\/types\/product"}],"wp:featuredmedia":[{"embeddable":true,"href":"https:\/\/nwold.test.decotec.lv\/en\/wp-json\/wp\/v2\/media\/38298"}],"wp:attachment":[{"href":"https:\/\/nwold.test.decotec.lv\/en\/wp-json\/wp\/v2\/media?parent=51943"}],"wp:term":[{"taxonomy":"product_cat","embeddable":true,"href":"https:\/\/nwold.test.decotec.lv\/en\/wp-json\/wp\/v2\/product_cat?post=51943"},{"taxonomy":"product_tag","embeddable":true,"href":"https:\/\/nwold.test.decotec.lv\/en\/wp-json\/wp\/v2\/product_tag?post=51943"}],"curies":[{"name":"wp","href":"https:\/\/api.w.org\/{rel}","templated":true}]}}