{"id":52536,"date":"2022-06-06T11:48:23","date_gmt":"2022-06-06T08:48:23","guid":{"rendered":"https:\/\/noblewine.lv\/?post_type=product&#038;p=52536"},"modified":"2023-06-15T09:52:23","modified_gmt":"2023-06-15T06:52:23","slug":"limonade-somethingnothing-cucumber-seltzer-330ml","status":"publish","type":"product","link":"https:\/\/nwold.test.decotec.lv\/en\/catalog\/food\/soft-drinks\/limonade-somethingnothing-cucumber-seltzer-330ml\/","title":{"rendered":"Lemonade &#8220;Something&amp;Nothing Cucumber Seltzer&#8221; 330ml"},"content":{"rendered":"<p><span style=\"font-weight: 400;\">Tastes like a holiday in a can, hence having the picture of a holiday on the can, not as cucumber as you might expect&#8230;. The Something or Nothing likes a bit of semiotic tomfoolery. Tastes like: Jumping into a pool after a long day in the sun. This product is naturally low in calories, contains natural juices and is gluten free and vegan. <\/span><\/p>\n","protected":false},"excerpt":{"rendered":"<p>Bezalkoholisks dz\u0113riens. Sast\u0101vs: g\u0101z\u0113ts \u016bdens,<br \/>\ngur\u0137u ekstrakts, v\u012bnogu un citronu sulu koncent-<br \/>\nr\u0101ts, dabiski aromatiz\u0113t\u0101ji. 100ml produkta uztur-<br \/>\nv\u0113rt\u012bba: ener\u0123\u0113tisk\u0101 v\u0113rt\u012bba 48kJ\/12kcal; tauki 0g;<br \/>\nog\u013chidr\u0101ti 2,8g, t.s. cukurs 2,8g; olbaltumvielas<br \/>\n0g; s\u0101ls 0g. Ieteicams l\u012bdz: sk.uz iepakojuma.<br \/>\nRa\u017eots Apvienotaj\u0101 Karalist\u0113. Izplat\u012bt\u0101js:<br \/>\nSIA \u201cNoble Wine\u201d, Elizabetes iela 33, R\u012bga,<br \/>\nLV-1010, +371 2010020<\/p>\n","protected":false},"featured_media":42662,"template":"","meta":[],"product_cat":[4688,5537,4803],"product_tag":[],"class_list":["post-52536","product","type-product","status-publish","has-post-thumbnail","hentry","product_cat-food","product_cat-lemonade","product_cat-soft-drinks","pa_country-united-kingdom","pa_vendor-something-nothing"],"acf":[],"_links":{"self":[{"href":"https:\/\/nwold.test.decotec.lv\/en\/wp-json\/wp\/v2\/product\/52536"}],"collection":[{"href":"https:\/\/nwold.test.decotec.lv\/en\/wp-json\/wp\/v2\/product"}],"about":[{"href":"https:\/\/nwold.test.decotec.lv\/en\/wp-json\/wp\/v2\/types\/product"}],"wp:featuredmedia":[{"embeddable":true,"href":"https:\/\/nwold.test.decotec.lv\/en\/wp-json\/wp\/v2\/media\/42662"}],"wp:attachment":[{"href":"https:\/\/nwold.test.decotec.lv\/en\/wp-json\/wp\/v2\/media?parent=52536"}],"wp:term":[{"taxonomy":"product_cat","embeddable":true,"href":"https:\/\/nwold.test.decotec.lv\/en\/wp-json\/wp\/v2\/product_cat?post=52536"},{"taxonomy":"product_tag","embeddable":true,"href":"https:\/\/nwold.test.decotec.lv\/en\/wp-json\/wp\/v2\/product_tag?post=52536"}],"curies":[{"name":"wp","href":"https:\/\/api.w.org\/{rel}","templated":true}]}}