{"id":52540,"date":"2022-06-06T11:48:26","date_gmt":"2022-06-06T08:48:26","guid":{"rendered":"https:\/\/noblewine.lv\/?post_type=product&#038;p=52540"},"modified":"2023-06-15T09:49:15","modified_gmt":"2023-06-15T06:49:15","slug":"limonade-somethingnothing-yuzu-seltzer-330ml","status":"publish","type":"product","link":"https:\/\/nwold.test.decotec.lv\/en\/catalog\/food\/soft-drinks\/limonade-somethingnothing-yuzu-seltzer-330ml\/","title":{"rendered":"Lemonade &#8220;Something&amp;Nothing Yuzu Seltzer&#8221; 330ml"},"content":{"rendered":"<p><span style=\"font-weight: 400;\">Yuzu is a Japanese citrus fruit. It tastes like the sound a band would make if their members were a tangerine, grapefruit<\/span><span style=\"font-weight: 400;\"> and a lemon&#8230;and you could actually taste the sound. Tastes like: Deep citrus vibes. <\/span><span style=\"font-weight: 400;\">This product is naturally low in calories, contains natural juices and is gluten free and vegan. <\/span><\/p>\n","protected":false},"excerpt":{"rendered":"<p>Bezalkoholisks dz\u0113riens. Sast\u0101vs: sodas \u016bdens,<br \/>\nv\u012bnogu, citronu un juzu (0,4%) sulu koncentr\u0101ts, dabiski<br \/>\naromatiz\u0113t\u0101ji. 100ml produkta<br \/>\nuzturv\u0113rt\u012bba: ener\u0123. v\u0113rt\u012bba 54kJ\/13kcal; tauki<br \/>\n0g; og\u013chidr\u0101ti 3g, t.s. cukurs 2,8g; olbaltumvielas<br \/>\n0g; s\u0101ls 0,02g. Ieteicams l\u012bdz: sk.uz iepakojuma<br \/>\nRa\u017eots Apvienotaj\u0101 Karalist\u0113. Izplat\u012bt\u0101js:<br \/>\nSIA \u201cNoble Wine\u201d, Elizabetes iela 33, R\u012bga,<br \/>\nLV-1010, +371 2010020<\/p>\n","protected":false},"featured_media":42668,"template":"","meta":[],"product_cat":[4688,5537,4803],"product_tag":[],"class_list":["post-52540","product","type-product","status-publish","has-post-thumbnail","hentry","product_cat-food","product_cat-lemonade","product_cat-soft-drinks","pa_country-united-kingdom","pa_vendor-something-nothing"],"acf":[],"_links":{"self":[{"href":"https:\/\/nwold.test.decotec.lv\/en\/wp-json\/wp\/v2\/product\/52540"}],"collection":[{"href":"https:\/\/nwold.test.decotec.lv\/en\/wp-json\/wp\/v2\/product"}],"about":[{"href":"https:\/\/nwold.test.decotec.lv\/en\/wp-json\/wp\/v2\/types\/product"}],"wp:featuredmedia":[{"embeddable":true,"href":"https:\/\/nwold.test.decotec.lv\/en\/wp-json\/wp\/v2\/media\/42668"}],"wp:attachment":[{"href":"https:\/\/nwold.test.decotec.lv\/en\/wp-json\/wp\/v2\/media?parent=52540"}],"wp:term":[{"taxonomy":"product_cat","embeddable":true,"href":"https:\/\/nwold.test.decotec.lv\/en\/wp-json\/wp\/v2\/product_cat?post=52540"},{"taxonomy":"product_tag","embeddable":true,"href":"https:\/\/nwold.test.decotec.lv\/en\/wp-json\/wp\/v2\/product_tag?post=52540"}],"curies":[{"name":"wp","href":"https:\/\/api.w.org\/{rel}","templated":true}]}}