{"id":52548,"date":"2022-05-13T12:41:47","date_gmt":"2022-05-13T09:41:47","guid":{"rendered":"https:\/\/noblewine.lv\/?post_type=product&#038;p=52548"},"modified":"2022-06-09T13:41:49","modified_gmt":"2022-06-09T10:41:49","slug":"vina-dzeriens-french-rose-hibiscus-rose-seltzer-spritz-330ml","status":"publish","type":"product","link":"https:\/\/nwold.test.decotec.lv\/en\/catalog\/food\/vina-dzeriens-french-rose-hibiscus-rose-seltzer-spritz-330ml\/","title":{"rendered":"Wine Drink &#8220;French Ros\u00e9 + Hibiscus &amp; Rose Seltzer Spritz&#8221; 330ml"},"content":{"rendered":"<p>Made with a pale French Ros\u00e9 selected to complement the \u2018dry\u2019 yet refreshing flavour of the Hibiscus &amp; Rose Seltzer. Perfectly balanced with lemon, grape juice and sparkling water for long nights and halcyon days. Tastes like: Sunset drinks at Villa Nellc\u00f4te. This Spritz is all sunsets on the terrace, sitting in parks, lounging poolside and dancing with your friends. Delicious red fruit flavours balanced with the implicit tart dryness of the pale Ros\u00e9 and botanical Hibiscus. Rose tinted glasses for the mouth. This product is vegan, gluten free and contains natural juices.<\/p>\n","protected":false},"excerpt":{"rendered":"<p>V\u012bna dz\u0113riens. Sast\u0101vs: g\u0101z\u0113ts \u016bdens, roz\u0101 v\u012bns<br \/>\n(34,6% no sast\u0101va), dab\u012bgi ro\u017eu un hibiska<br \/>\naromatiz\u0113t\u0101ji.<br \/>\nIeteicams l\u012bdz: sk.uz iepakojuma<br \/>\nRa\u017eots Apvienotaj\u0101 Karalist\u0113.<br \/>\nIzplat\u012bt\u0101js:<br \/>\nSIA \u201cNoble Wine\u201d, Elizabetes iela 33, R\u012bga,<br \/>\nLV-1010, +371 2010020<\/p>\n","protected":false},"featured_media":52546,"template":"","meta":[],"product_cat":[5154,4688],"product_tag":[],"class_list":["post-52548","product","type-product","status-publish","has-post-thumbnail","hentry","product_cat-alcoholic-drinks","product_cat-food","pa_country-united-kingdom","pa_vendor-something-nothing"],"acf":[],"_links":{"self":[{"href":"https:\/\/nwold.test.decotec.lv\/en\/wp-json\/wp\/v2\/product\/52548"}],"collection":[{"href":"https:\/\/nwold.test.decotec.lv\/en\/wp-json\/wp\/v2\/product"}],"about":[{"href":"https:\/\/nwold.test.decotec.lv\/en\/wp-json\/wp\/v2\/types\/product"}],"wp:featuredmedia":[{"embeddable":true,"href":"https:\/\/nwold.test.decotec.lv\/en\/wp-json\/wp\/v2\/media\/52546"}],"wp:attachment":[{"href":"https:\/\/nwold.test.decotec.lv\/en\/wp-json\/wp\/v2\/media?parent=52548"}],"wp:term":[{"taxonomy":"product_cat","embeddable":true,"href":"https:\/\/nwold.test.decotec.lv\/en\/wp-json\/wp\/v2\/product_cat?post=52548"},{"taxonomy":"product_tag","embeddable":true,"href":"https:\/\/nwold.test.decotec.lv\/en\/wp-json\/wp\/v2\/product_tag?post=52548"}],"curies":[{"name":"wp","href":"https:\/\/api.w.org\/{rel}","templated":true}]}}