{"id":52551,"date":"2022-05-13T12:41:51","date_gmt":"2022-05-13T09:41:51","guid":{"rendered":"https:\/\/noblewine.lv\/?post_type=product&#038;p=52551"},"modified":"2022-06-09T13:49:29","modified_gmt":"2022-06-09T10:49:29","slug":"vina-dzeriens-sauvignon-blanc-cucumber-seltzer-spritz-330ml","status":"publish","type":"product","link":"https:\/\/nwold.test.decotec.lv\/en\/catalog\/food\/vina-dzeriens-sauvignon-blanc-cucumber-seltzer-spritz-330ml\/","title":{"rendered":"Wine Drink &#8220;Sauvignon Blanc &amp; Cucumber Seltzer Spritz&#8221; 330ml"},"content":{"rendered":"<p><span style=\"font-weight: 400;\">A fresh green, citrusy French Sauvignon Blanc hits all the right notes when blended with our Cucumber Seltzer. Creating a modern Spritz that is deeply refreshing and lip-smackingly delicious. Tastes like: Running through a vineyard naked.<\/span><\/p>\n<p><span style=\"font-weight: 400;\">The dry but fruity French Sauvignon Blanc mingles perfectly with the refreshing Cucumber Seltzer as if they\u2019ve just met at an afterparty, but are already best friends. They finish each other\u2019s sentences, laugh at each other&#8217;s jokes and share the same taste in music. This product is vegan, gluten free and contains natural juices. <\/span><\/p>\n","protected":false},"excerpt":{"rendered":"<p>V\u012bna dz\u0113riens. Sast\u0101vs: g\u0101z\u0113ts \u016bdens, baltv\u012bns<br \/>\n(34,6% no sast\u0101va), dab\u012bgi gur\u0137u aromatiz\u0113t\u0101ji.<br \/>\nIeteicams l\u012bdz: sk.uz iepakojuma<br \/>\nRa\u017eots Apvienotaj\u0101 Karalist\u0113.<br \/>\nIzplat\u012bt\u0101js:<br \/>\nSIA \u201cNoble Wine\u201d, Elizabetes iela 33, R\u012bga,<br \/>\nLV-1010, +371 2010020<\/p>\n","protected":false},"featured_media":52543,"template":"","meta":[],"product_cat":[5154,4688],"product_tag":[],"class_list":["post-52551","product","type-product","status-publish","has-post-thumbnail","hentry","product_cat-alcoholic-drinks","product_cat-food","pa_country-united-kingdom","pa_vendor-something-nothing"],"acf":[],"_links":{"self":[{"href":"https:\/\/nwold.test.decotec.lv\/en\/wp-json\/wp\/v2\/product\/52551"}],"collection":[{"href":"https:\/\/nwold.test.decotec.lv\/en\/wp-json\/wp\/v2\/product"}],"about":[{"href":"https:\/\/nwold.test.decotec.lv\/en\/wp-json\/wp\/v2\/types\/product"}],"wp:featuredmedia":[{"embeddable":true,"href":"https:\/\/nwold.test.decotec.lv\/en\/wp-json\/wp\/v2\/media\/52543"}],"wp:attachment":[{"href":"https:\/\/nwold.test.decotec.lv\/en\/wp-json\/wp\/v2\/media?parent=52551"}],"wp:term":[{"taxonomy":"product_cat","embeddable":true,"href":"https:\/\/nwold.test.decotec.lv\/en\/wp-json\/wp\/v2\/product_cat?post=52551"},{"taxonomy":"product_tag","embeddable":true,"href":"https:\/\/nwold.test.decotec.lv\/en\/wp-json\/wp\/v2\/product_tag?post=52551"}],"curies":[{"name":"wp","href":"https:\/\/api.w.org\/{rel}","templated":true}]}}