{"id":53393,"date":"2022-04-12T08:40:31","date_gmt":"2022-04-12T05:40:31","guid":{"rendered":"https:\/\/noblewine.lv\/?post_type=product&#038;p=53393"},"modified":"2024-05-24T15:49:39","modified_gmt":"2024-05-24T12:49:39","slug":"bio-la-moussiere-sancerre-2021-blanc-am","status":"publish","type":"product","link":"https:\/\/nwold.test.decotec.lv\/en\/catalog\/wine\/bio-la-moussiere-sancerre-2021-blanc-am\/","title":{"rendered":"BIO &#8220;La Moussiere&#8221; Sancerre 2021"},"content":{"rendered":"","protected":false},"excerpt":{"rendered":"<p>&#8220;Arom\u0101ts ir svaigs ar citrona, estragona, balto ziedu pumpuru un kr\u012bta not\u012bm. Gar\u0161\u0101 v\u012bns ir sauss, sul\u012bgs ar augstu sk\u0101bumu un izteikt\u0101m za\u013cas z\u0101les not\u012bm.&#8221; \u2014 Ronalds P\u0113tersons, &#8220;Noble Wine&#8221; somelj\u0113<\/p>\n","protected":false},"featured_media":38460,"template":"","meta":[],"product_cat":[2001],"product_tag":[],"class_list":["post-53393","product","type-product","status-publish","has-post-thumbnail","hentry","product_cat-wine","pa_country-france","pa_region-loire","pa_tips-white-wine","pa_varietal-sauvignon-blanc","pa_vendor-alphonse-mellot","pa_village-sancerre"],"acf":[],"_links":{"self":[{"href":"https:\/\/nwold.test.decotec.lv\/en\/wp-json\/wp\/v2\/product\/53393"}],"collection":[{"href":"https:\/\/nwold.test.decotec.lv\/en\/wp-json\/wp\/v2\/product"}],"about":[{"href":"https:\/\/nwold.test.decotec.lv\/en\/wp-json\/wp\/v2\/types\/product"}],"wp:featuredmedia":[{"embeddable":true,"href":"https:\/\/nwold.test.decotec.lv\/en\/wp-json\/wp\/v2\/media\/38460"}],"wp:attachment":[{"href":"https:\/\/nwold.test.decotec.lv\/en\/wp-json\/wp\/v2\/media?parent=53393"}],"wp:term":[{"taxonomy":"product_cat","embeddable":true,"href":"https:\/\/nwold.test.decotec.lv\/en\/wp-json\/wp\/v2\/product_cat?post=53393"},{"taxonomy":"product_tag","embeddable":true,"href":"https:\/\/nwold.test.decotec.lv\/en\/wp-json\/wp\/v2\/product_tag?post=53393"}],"curies":[{"name":"wp","href":"https:\/\/api.w.org\/{rel}","templated":true}]}}