{"id":53851,"date":"2022-05-13T11:12:10","date_gmt":"2022-05-13T08:12:10","guid":{"rendered":"https:\/\/noblewine.lv\/?post_type=product&#038;p=53851"},"modified":"2024-05-10T22:42:11","modified_gmt":"2024-05-10T19:42:11","slug":"chateau-lynch-moussas-5-gcc-pauillac-aoc-2018","status":"publish","type":"product","link":"https:\/\/nwold.test.decotec.lv\/en\/catalog\/wine\/chateau-lynch-moussas-5-gcc-pauillac-aoc-2018\/","title":{"rendered":"&#8220;Lynch-Moussas&#8221; 5eme GCC Pauillac 2018"},"content":{"rendered":"","protected":false},"excerpt":{"rendered":"<p>&#8220;Arom\u0101t\u0101 j\u016btamas lakricas, upe\u0146u, kaze\u0146u un kafijas notis. Gar\u0161\u0101 v\u012bns ir vid\u0113jas miesas b\u016bves ar upe\u0146u un kaze\u0146u nians\u0113m. Tan\u012bni ir agres\u012bvi. V\u012bns paredz\u0113ts glab\u0101\u0161anai.&#8221; \u2014 Ronalds P\u0113tersons, &#8220;Noble Wine&#8221; somelj\u0113<\/p>\n","protected":false},"featured_media":38875,"template":"","meta":[],"product_cat":[2001],"product_tag":[5834],"class_list":["post-53851","product","type-product","status-publish","has-post-thumbnail","hentry","product_cat-wine","product_tag-french_lovers","pa_country-france","pa_region-bordeaux","pa_tips-red-wine","pa_varietal-cabernet-franc","pa_varietal-cabernet-sauvignon","pa_varietal-merlot","pa_vendor-chateau-lynch-moussas","pa_village-pauillac"],"acf":[],"_links":{"self":[{"href":"https:\/\/nwold.test.decotec.lv\/en\/wp-json\/wp\/v2\/product\/53851"}],"collection":[{"href":"https:\/\/nwold.test.decotec.lv\/en\/wp-json\/wp\/v2\/product"}],"about":[{"href":"https:\/\/nwold.test.decotec.lv\/en\/wp-json\/wp\/v2\/types\/product"}],"wp:featuredmedia":[{"embeddable":true,"href":"https:\/\/nwold.test.decotec.lv\/en\/wp-json\/wp\/v2\/media\/38875"}],"wp:attachment":[{"href":"https:\/\/nwold.test.decotec.lv\/en\/wp-json\/wp\/v2\/media?parent=53851"}],"wp:term":[{"taxonomy":"product_cat","embeddable":true,"href":"https:\/\/nwold.test.decotec.lv\/en\/wp-json\/wp\/v2\/product_cat?post=53851"},{"taxonomy":"product_tag","embeddable":true,"href":"https:\/\/nwold.test.decotec.lv\/en\/wp-json\/wp\/v2\/product_tag?post=53851"}],"curies":[{"name":"wp","href":"https:\/\/api.w.org\/{rel}","templated":true}]}}