{"id":53868,"date":"2022-07-14T14:59:47","date_gmt":"2022-07-14T11:59:47","guid":{"rendered":"https:\/\/noblewine.lv\/?post_type=product&#038;p=53868"},"modified":"2024-05-20T12:35:11","modified_gmt":"2024-05-20T09:35:11","slug":"brut-nature-les-volies-2017","status":"publish","type":"product","link":"https:\/\/nwold.test.decotec.lv\/en\/catalog\/wine\/brut-nature-les-volies-2017\/","title":{"rendered":"Brut Nature &#8220;Les Volies&#8221; 2017"},"content":{"rendered":"","protected":false},"excerpt":{"rendered":"<p>&#8220;Arom\u0101t\u0101 j\u016btamas ziedu, gar\u0161vielu, an\u012bsa un melones notis. Gar\u0161\u0101 v\u012bns ir intens\u012bvs, atsvaidzino\u0161s, ar citrusaug\u013cu un miner\u0101laj\u0101m nians\u0113m.&#8221; &#8211; Ronalds P\u0113tersons, Noble wine somelj\u0113.<\/p>\n","protected":false},"featured_media":53854,"template":"","meta":[],"product_cat":[2001],"product_tag":[2795],"class_list":["post-53868","product","type-product","status-publish","has-post-thumbnail","hentry","product_cat-wine","product_tag-biggest-saving","pa_country-france","pa_region-champagne","pa_tips-sparkling-wine","pa_varietal-chardonnay","pa_varietal-pinot-noir","pa_vendor-champagne-barrat-masson-en","pa_village-brut"],"acf":[],"_links":{"self":[{"href":"https:\/\/nwold.test.decotec.lv\/en\/wp-json\/wp\/v2\/product\/53868"}],"collection":[{"href":"https:\/\/nwold.test.decotec.lv\/en\/wp-json\/wp\/v2\/product"}],"about":[{"href":"https:\/\/nwold.test.decotec.lv\/en\/wp-json\/wp\/v2\/types\/product"}],"wp:featuredmedia":[{"embeddable":true,"href":"https:\/\/nwold.test.decotec.lv\/en\/wp-json\/wp\/v2\/media\/53854"}],"wp:attachment":[{"href":"https:\/\/nwold.test.decotec.lv\/en\/wp-json\/wp\/v2\/media?parent=53868"}],"wp:term":[{"taxonomy":"product_cat","embeddable":true,"href":"https:\/\/nwold.test.decotec.lv\/en\/wp-json\/wp\/v2\/product_cat?post=53868"},{"taxonomy":"product_tag","embeddable":true,"href":"https:\/\/nwold.test.decotec.lv\/en\/wp-json\/wp\/v2\/product_tag?post=53868"}],"curies":[{"name":"wp","href":"https:\/\/api.w.org\/{rel}","templated":true}]}}