{"id":54144,"date":"2022-08-03T13:32:45","date_gmt":"2022-08-03T10:32:45","guid":{"rendered":"https:\/\/noblewine.lv\/?post_type=product&#038;p=54144"},"modified":"2024-04-16T19:56:10","modified_gmt":"2024-04-16T16:56:10","slug":"gruner-veltliner-rotestor-smaragd-2021","status":"publish","type":"product","link":"https:\/\/nwold.test.decotec.lv\/en\/catalog\/wine\/gruner-veltliner-rotestor-smaragd-2021\/","title":{"rendered":"Gruner Veltliner &#8220;RotesTor&#8221; Federspiel 2021"},"content":{"rendered":"","protected":false},"excerpt":{"rendered":"<p>\u201cV\u012bnam rakstur\u012bgas greipfr\u016bta, dzelteno aug\u013cu un miner\u0101lu arom\u0101ts, kur\u0101 izce\u013cas apriko\u017eu un \u0101bolu nianses. Gar\u0161a ir sabalans\u0113ta, sul\u012bga, ar augstu sk\u0101bumu un za\u013co \u0101bolu nians\u0113m.\u201d \u2013 Ronalds P\u0113tersons,<\/p>\n","protected":false},"featured_media":35093,"template":"","meta":[],"product_cat":[2001],"product_tag":[],"class_list":["post-54144","product","type-product","status-publish","has-post-thumbnail","hentry","product_cat-wine","pa_country-austria","pa_region-wachau","pa_tips-white-wine","pa_varietal-gruner-veltliner","pa_vendor-weingut-franz-hirtzberger"],"acf":[],"_links":{"self":[{"href":"https:\/\/nwold.test.decotec.lv\/en\/wp-json\/wp\/v2\/product\/54144"}],"collection":[{"href":"https:\/\/nwold.test.decotec.lv\/en\/wp-json\/wp\/v2\/product"}],"about":[{"href":"https:\/\/nwold.test.decotec.lv\/en\/wp-json\/wp\/v2\/types\/product"}],"wp:featuredmedia":[{"embeddable":true,"href":"https:\/\/nwold.test.decotec.lv\/en\/wp-json\/wp\/v2\/media\/35093"}],"wp:attachment":[{"href":"https:\/\/nwold.test.decotec.lv\/en\/wp-json\/wp\/v2\/media?parent=54144"}],"wp:term":[{"taxonomy":"product_cat","embeddable":true,"href":"https:\/\/nwold.test.decotec.lv\/en\/wp-json\/wp\/v2\/product_cat?post=54144"},{"taxonomy":"product_tag","embeddable":true,"href":"https:\/\/nwold.test.decotec.lv\/en\/wp-json\/wp\/v2\/product_tag?post=54144"}],"curies":[{"name":"wp","href":"https:\/\/api.w.org\/{rel}","templated":true}]}}