{"id":54164,"date":"2022-08-03T13:32:49","date_gmt":"2022-08-03T10:32:49","guid":{"rendered":"https:\/\/noblewine.lv\/?post_type=product&#038;p=54164"},"modified":"2024-05-20T12:35:16","modified_gmt":"2024-05-20T09:35:16","slug":"riesling-setzberg-smaragd-2021","status":"publish","type":"product","link":"https:\/\/nwold.test.decotec.lv\/en\/catalog\/wine\/riesling-setzberg-smaragd-2021\/","title":{"rendered":"Riesling &#8220;Setzberg&#8221; Smaragd 2021"},"content":{"rendered":"","protected":false},"excerpt":{"rendered":"<p>&#8220;Arom\u0101t\u0101 ir j\u016btama laima, gatavu za\u013co \u0101bolu un persiku notis. Gar\u0161\u0101 v\u012bns ir \u013coti sul\u012bgs ar \u0101bola nians\u0113m. P\u0113cgar\u0161a \u013coti ilga.&#8221; &#8211; Ronalds P\u0113tersons, &#8220;Noble Wine&#8221; somelj\u0113<\/p>\n","protected":false},"featured_media":54161,"template":"","meta":[],"product_cat":[2001],"product_tag":[],"class_list":["post-54164","product","type-product","status-publish","has-post-thumbnail","hentry","product_cat-wine","pa_country-austria","pa_region-wachau","pa_tips-white-wine","pa_varietal-riesling","pa_vendor-weingut-franz-hirtzberger"],"acf":[],"_links":{"self":[{"href":"https:\/\/nwold.test.decotec.lv\/en\/wp-json\/wp\/v2\/product\/54164"}],"collection":[{"href":"https:\/\/nwold.test.decotec.lv\/en\/wp-json\/wp\/v2\/product"}],"about":[{"href":"https:\/\/nwold.test.decotec.lv\/en\/wp-json\/wp\/v2\/types\/product"}],"wp:featuredmedia":[{"embeddable":true,"href":"https:\/\/nwold.test.decotec.lv\/en\/wp-json\/wp\/v2\/media\/54161"}],"wp:attachment":[{"href":"https:\/\/nwold.test.decotec.lv\/en\/wp-json\/wp\/v2\/media?parent=54164"}],"wp:term":[{"taxonomy":"product_cat","embeddable":true,"href":"https:\/\/nwold.test.decotec.lv\/en\/wp-json\/wp\/v2\/product_cat?post=54164"},{"taxonomy":"product_tag","embeddable":true,"href":"https:\/\/nwold.test.decotec.lv\/en\/wp-json\/wp\/v2\/product_tag?post=54164"}],"curies":[{"name":"wp","href":"https:\/\/api.w.org\/{rel}","templated":true}]}}