{"id":54287,"date":"2022-08-05T12:24:57","date_gmt":"2022-08-05T09:24:57","guid":{"rendered":"https:\/\/noblewine.lv\/?post_type=product&#038;p=54287"},"modified":"2024-05-21T09:53:33","modified_gmt":"2024-05-21T06:53:33","slug":"zierfandler-anning-2021","status":"publish","type":"product","link":"https:\/\/nwold.test.decotec.lv\/en\/catalog\/wine\/zierfandler-anning-2021\/","title":{"rendered":"Zierfandler &#8220;Anning&#8221; 2021"},"content":{"rendered":"","protected":false},"excerpt":{"rendered":"<p>&#8220;Arom\u0101ta ir j\u016btamas apriko\u017eu, dzelteno \u0101bolu, anan\u0101su un balto ziedu notis. Gar\u0161\u0101 v\u012bns ir svaigs, krauk\u0161\u0137\u012bgs ar gatavu kauli\u0146aug\u013cu nians\u0113m. P\u0113cgar\u0161a \u013coti gara.&#8221; &#8211; Ronalds P\u0113tersons, &#8220;Noble Wine&#8221; somelj\u0113<\/p>\n","protected":false},"featured_media":38752,"template":"","meta":[],"product_cat":[2001],"product_tag":[2795],"class_list":["post-54287","product","type-product","status-publish","has-post-thumbnail","hentry","product_cat-wine","product_tag-biggest-saving","pa_country-austria","pa_region-thermenregion","pa_tips-white-wine","pa_varietal-zierfandler","pa_vendor-weingut-stadlmann"],"acf":[],"_links":{"self":[{"href":"https:\/\/nwold.test.decotec.lv\/en\/wp-json\/wp\/v2\/product\/54287"}],"collection":[{"href":"https:\/\/nwold.test.decotec.lv\/en\/wp-json\/wp\/v2\/product"}],"about":[{"href":"https:\/\/nwold.test.decotec.lv\/en\/wp-json\/wp\/v2\/types\/product"}],"wp:featuredmedia":[{"embeddable":true,"href":"https:\/\/nwold.test.decotec.lv\/en\/wp-json\/wp\/v2\/media\/38752"}],"wp:attachment":[{"href":"https:\/\/nwold.test.decotec.lv\/en\/wp-json\/wp\/v2\/media?parent=54287"}],"wp:term":[{"taxonomy":"product_cat","embeddable":true,"href":"https:\/\/nwold.test.decotec.lv\/en\/wp-json\/wp\/v2\/product_cat?post=54287"},{"taxonomy":"product_tag","embeddable":true,"href":"https:\/\/nwold.test.decotec.lv\/en\/wp-json\/wp\/v2\/product_tag?post=54287"}],"curies":[{"name":"wp","href":"https:\/\/api.w.org\/{rel}","templated":true}]}}