{"id":54432,"date":"2022-08-17T12:11:43","date_gmt":"2022-08-17T09:11:43","guid":{"rendered":"https:\/\/noblewine.lv\/?post_type=product&#038;p=54432"},"modified":"2024-05-14T11:07:17","modified_gmt":"2024-05-14T08:07:17","slug":"barbaresco-reserva-docg-boito-2016","status":"publish","type":"product","link":"https:\/\/nwold.test.decotec.lv\/en\/catalog\/wine\/barbaresco-reserva-docg-boito-2016\/","title":{"rendered":"Barbaresco Reserva DOCG &#8220;Boito&#8221; 2016"},"content":{"rendered":"","protected":false},"excerpt":{"rendered":"<p>&#8220;Arom\u0101t\u0101 j\u016btamas elegantas tum\u0161o \u0137ir\u0161u, svaigu kaze\u0146u, gar\u0161vielu un melnzemes notis. Gar\u0161a ir sul\u012bga ar \u017e\u0101v\u0113tu tum\u0161o ogu un \u0137ir\u0161u not\u012bm. Tan\u012bni ir akt\u012bvi un kr\u012btaini.&#8221;\u2014 Ronalds P\u0113tersons, &#8220;Noble Wine&#8221; somelj\u0113<\/p>\n","protected":false},"featured_media":39184,"template":"","meta":[],"product_cat":[2001],"product_tag":[],"class_list":["post-54432","product","type-product","status-publish","has-post-thumbnail","hentry","product_cat-wine","pa_country-italy","pa_region-piedmont","pa_tips-red-wine","pa_varietal-nebbiolo","pa_vendor-rizzi","pa_village-barbaresco"],"acf":[],"_links":{"self":[{"href":"https:\/\/nwold.test.decotec.lv\/en\/wp-json\/wp\/v2\/product\/54432"}],"collection":[{"href":"https:\/\/nwold.test.decotec.lv\/en\/wp-json\/wp\/v2\/product"}],"about":[{"href":"https:\/\/nwold.test.decotec.lv\/en\/wp-json\/wp\/v2\/types\/product"}],"wp:featuredmedia":[{"embeddable":true,"href":"https:\/\/nwold.test.decotec.lv\/en\/wp-json\/wp\/v2\/media\/39184"}],"wp:attachment":[{"href":"https:\/\/nwold.test.decotec.lv\/en\/wp-json\/wp\/v2\/media?parent=54432"}],"wp:term":[{"taxonomy":"product_cat","embeddable":true,"href":"https:\/\/nwold.test.decotec.lv\/en\/wp-json\/wp\/v2\/product_cat?post=54432"},{"taxonomy":"product_tag","embeddable":true,"href":"https:\/\/nwold.test.decotec.lv\/en\/wp-json\/wp\/v2\/product_tag?post=54432"}],"curies":[{"name":"wp","href":"https:\/\/api.w.org\/{rel}","templated":true}]}}