{"id":55231,"date":"2022-09-15T08:45:22","date_gmt":"2022-09-15T05:45:22","guid":{"rendered":"https:\/\/noblewine.lv\/?post_type=product&#038;p=55231"},"modified":"2024-05-01T22:13:24","modified_gmt":"2024-05-01T19:13:24","slug":"chassagne-montrachet-1er-cru-les-macherelles-2016","status":"publish","type":"product","link":"https:\/\/nwold.test.decotec.lv\/en\/catalog\/wine\/chassagne-montrachet-1er-cru-les-macherelles-2016\/","title":{"rendered":"Chassagne-Montrachet 1er Cru &#8220;Les Macherelles&#8221; 2016"},"content":{"rendered":"","protected":false},"excerpt":{"rendered":"<p>&#8220;Komplekss arom\u0101ts ar citrusu, medus, baltu ziedu un tost\u0113tas maizes not\u012bm. Gar\u0161a ir kompleksa, apa\u013ca, \u013coti labi sabalans\u0113ta ar maig\u0101m vani\u013cas not\u012bm. P\u0113cgar\u0161a ir \u013coti ilga.&#8221; \u2014 Ronalds P\u0113tersons, &#8220;Noble Wine&#8221; somelj\u0113<\/p>\n","protected":false},"featured_media":55229,"template":"","meta":[],"product_cat":[2001],"product_tag":[],"class_list":["post-55231","product","type-product","status-publish","has-post-thumbnail","hentry","product_cat-wine","pa_country-france","pa_region-burgundy","pa_tips-white-wine","pa_varietal-chardonnay","pa_vendor-au-pied-du-mont-chauve-en","pa_village-chassagne-montrachet"],"acf":[],"_links":{"self":[{"href":"https:\/\/nwold.test.decotec.lv\/en\/wp-json\/wp\/v2\/product\/55231"}],"collection":[{"href":"https:\/\/nwold.test.decotec.lv\/en\/wp-json\/wp\/v2\/product"}],"about":[{"href":"https:\/\/nwold.test.decotec.lv\/en\/wp-json\/wp\/v2\/types\/product"}],"wp:featuredmedia":[{"embeddable":true,"href":"https:\/\/nwold.test.decotec.lv\/en\/wp-json\/wp\/v2\/media\/55229"}],"wp:attachment":[{"href":"https:\/\/nwold.test.decotec.lv\/en\/wp-json\/wp\/v2\/media?parent=55231"}],"wp:term":[{"taxonomy":"product_cat","embeddable":true,"href":"https:\/\/nwold.test.decotec.lv\/en\/wp-json\/wp\/v2\/product_cat?post=55231"},{"taxonomy":"product_tag","embeddable":true,"href":"https:\/\/nwold.test.decotec.lv\/en\/wp-json\/wp\/v2\/product_tag?post=55231"}],"curies":[{"name":"wp","href":"https:\/\/api.w.org\/{rel}","templated":true}]}}