{"id":55266,"date":"2022-09-19T13:04:14","date_gmt":"2022-09-19T10:04:14","guid":{"rendered":"https:\/\/noblewine.lv\/?post_type=product&#038;p=55266"},"modified":"2024-05-27T12:28:23","modified_gmt":"2024-05-27T09:28:23","slug":"st-aubin-1er-cru-pitangerets-2017","status":"publish","type":"product","link":"https:\/\/nwold.test.decotec.lv\/en\/catalog\/wine\/st-aubin-1er-cru-pitangerets-2017\/","title":{"rendered":"St.Aubin 1er cru &#8220;Pitangerets&#8221; 2017"},"content":{"rendered":"","protected":false},"excerpt":{"rendered":"<p>&#8220;Arom\u0101t\u0101 j\u016btamas sviesta, za\u013c\u0101 \u0101bola, ka\u013c\u0137a un citrusu notis. Gar\u0161\u0101 v\u012bns ir apa\u013c\u0161, miner\u0101ls, bl\u012bvs ar e\u013c\u013cainu tekst\u016bru un ilgu p\u0113cgar\u0161u. \u013boti delik\u0101ts.&#8221; \u2014 Ronalds P\u0113tersons, &#8220;Noble Wine&#8221; somelj\u0113<\/p>\n","protected":false},"featured_media":55258,"template":"","meta":[],"product_cat":[2001],"product_tag":[],"class_list":["post-55266","product","type-product","status-publish","has-post-thumbnail","hentry","product_cat-wine","pa_country-france","pa_region-burgundy","pa_tips-white-wine","pa_varietal-chardonnay","pa_vendor-au-pied-du-mont-chauve-en","pa_village-st-aubin"],"acf":[],"_links":{"self":[{"href":"https:\/\/nwold.test.decotec.lv\/en\/wp-json\/wp\/v2\/product\/55266"}],"collection":[{"href":"https:\/\/nwold.test.decotec.lv\/en\/wp-json\/wp\/v2\/product"}],"about":[{"href":"https:\/\/nwold.test.decotec.lv\/en\/wp-json\/wp\/v2\/types\/product"}],"wp:featuredmedia":[{"embeddable":true,"href":"https:\/\/nwold.test.decotec.lv\/en\/wp-json\/wp\/v2\/media\/55258"}],"wp:attachment":[{"href":"https:\/\/nwold.test.decotec.lv\/en\/wp-json\/wp\/v2\/media?parent=55266"}],"wp:term":[{"taxonomy":"product_cat","embeddable":true,"href":"https:\/\/nwold.test.decotec.lv\/en\/wp-json\/wp\/v2\/product_cat?post=55266"},{"taxonomy":"product_tag","embeddable":true,"href":"https:\/\/nwold.test.decotec.lv\/en\/wp-json\/wp\/v2\/product_tag?post=55266"}],"curies":[{"name":"wp","href":"https:\/\/api.w.org\/{rel}","templated":true}]}}