{"id":56081,"date":"2022-09-20T12:03:18","date_gmt":"2022-09-20T09:03:18","guid":{"rendered":"https:\/\/noblewine.lv\/?post_type=product&#038;p=56081"},"modified":"2024-05-25T22:26:21","modified_gmt":"2024-05-25T19:26:21","slug":"joanin-becot-cotes-de-castillon-2018","status":"publish","type":"product","link":"https:\/\/nwold.test.decotec.lv\/en\/catalog\/wine\/joanin-becot-cotes-de-castillon-2018\/","title":{"rendered":"&#8220;Joanin Becot&#8221; Cotes de Castillon 2018"},"content":{"rendered":"","protected":false},"excerpt":{"rendered":"<p>&#8220;Arom\u0101t\u0101 j\u016btamas lakricas, ave\u0146u iev\u0101r\u012bjuma, sarkano pl\u016bmju un kafijas notis. Gar\u0161\u0101 v\u012bns ir vid\u0113jas miesas b\u016bves ar svaigu \u0137ir\u0161u, upe\u0146u un kaze\u0146u nians\u0113m. Tan\u012bni ir akt\u012bvi, kr\u012btaini.&#8221; \u2014 Ronalds P\u0113tersons, &#8220;Noble Wine&#8221; somelj\u0113<\/p>\n","protected":false},"featured_media":60375,"template":"","meta":[],"product_cat":[2001],"product_tag":[5834],"class_list":["post-56081","product","type-product","status-publish","has-post-thumbnail","hentry","product_cat-wine","product_tag-french_lovers","pa_country-france","pa_region-bordeaux","pa_tips-red-wine","pa_varietal-cabernet-franc","pa_varietal-merlot","pa_vendor-chateau-joanin-becot-en","pa_village-regional"],"acf":[],"_links":{"self":[{"href":"https:\/\/nwold.test.decotec.lv\/en\/wp-json\/wp\/v2\/product\/56081"}],"collection":[{"href":"https:\/\/nwold.test.decotec.lv\/en\/wp-json\/wp\/v2\/product"}],"about":[{"href":"https:\/\/nwold.test.decotec.lv\/en\/wp-json\/wp\/v2\/types\/product"}],"wp:featuredmedia":[{"embeddable":true,"href":"https:\/\/nwold.test.decotec.lv\/en\/wp-json\/wp\/v2\/media\/60375"}],"wp:attachment":[{"href":"https:\/\/nwold.test.decotec.lv\/en\/wp-json\/wp\/v2\/media?parent=56081"}],"wp:term":[{"taxonomy":"product_cat","embeddable":true,"href":"https:\/\/nwold.test.decotec.lv\/en\/wp-json\/wp\/v2\/product_cat?post=56081"},{"taxonomy":"product_tag","embeddable":true,"href":"https:\/\/nwold.test.decotec.lv\/en\/wp-json\/wp\/v2\/product_tag?post=56081"}],"curies":[{"name":"wp","href":"https:\/\/api.w.org\/{rel}","templated":true}]}}