{"id":57493,"date":"2022-10-21T15:41:58","date_gmt":"2022-10-21T12:41:58","guid":{"rendered":"https:\/\/noblewine.lv\/?post_type=product&#038;p=57493"},"modified":"2024-04-15T15:57:10","modified_gmt":"2024-04-15T12:57:10","slug":"figeac-st-emilion-1er-gcc-b-2010","status":"publish","type":"product","link":"https:\/\/nwold.test.decotec.lv\/en\/catalog\/wine\/figeac-st-emilion-1er-gcc-b-2010\/","title":{"rendered":"&#8220;Figeac&#8221; St.Emilion 1er GCC &#8220;B&#8221; 2010"},"content":{"rendered":"","protected":false},"excerpt":{"rendered":"<p>&#8220;Arom\u0101t\u0101 j\u016btamas saldo gar\u0161vielu, melno piparu un tabakas notis. Gar\u0161\u0101 v\u012bns ir vid\u0113jas miesas b\u016bves, apa\u013c\u0161 ar upe\u0146u, piparu un ciedra koka nians\u0113m. Tan\u012bni ir apa\u013ci.&#8221; \u2014 Ronalds P\u0113tersons, &#8220;Noble Wine&#8221; somelj\u0113<\/p>\n","protected":false},"featured_media":52377,"template":"","meta":[],"product_cat":[2001],"product_tag":[4741],"class_list":["post-57493","product","type-product","status-publish","has-post-thumbnail","hentry","product_cat-wine","product_tag-fine-wine"],"acf":[],"_links":{"self":[{"href":"https:\/\/nwold.test.decotec.lv\/en\/wp-json\/wp\/v2\/product\/57493"}],"collection":[{"href":"https:\/\/nwold.test.decotec.lv\/en\/wp-json\/wp\/v2\/product"}],"about":[{"href":"https:\/\/nwold.test.decotec.lv\/en\/wp-json\/wp\/v2\/types\/product"}],"wp:featuredmedia":[{"embeddable":true,"href":"https:\/\/nwold.test.decotec.lv\/en\/wp-json\/wp\/v2\/media\/52377"}],"wp:attachment":[{"href":"https:\/\/nwold.test.decotec.lv\/en\/wp-json\/wp\/v2\/media?parent=57493"}],"wp:term":[{"taxonomy":"product_cat","embeddable":true,"href":"https:\/\/nwold.test.decotec.lv\/en\/wp-json\/wp\/v2\/product_cat?post=57493"},{"taxonomy":"product_tag","embeddable":true,"href":"https:\/\/nwold.test.decotec.lv\/en\/wp-json\/wp\/v2\/product_tag?post=57493"}],"curies":[{"name":"wp","href":"https:\/\/api.w.org\/{rel}","templated":true}]}}