{"id":57503,"date":"2022-10-24T17:28:53","date_gmt":"2022-10-24T14:28:53","guid":{"rendered":"https:\/\/noblewine.lv\/?post_type=product&#038;p=57503"},"modified":"2024-05-20T10:34:35","modified_gmt":"2024-05-20T07:34:35","slug":"rioja-aro-2019","status":"publish","type":"product","link":"https:\/\/nwold.test.decotec.lv\/en\/catalog\/wine\/rioja-aro-2019\/","title":{"rendered":"Rioja &#8220;ARO&#8221; 2019"},"content":{"rendered":"","protected":false},"excerpt":{"rendered":"<p>&#8220;Arom\u0101t\u0101 j\u016btami gatavu sarkano ogu, saldu un pikantu gar\u0161vielu notis. Gar\u0161\u0101 v\u012bns ir vid\u0113jas miesas b\u016bves, sul\u012bgu, intens\u012bvu sarkano ogu un piparu nians\u0113m. Tan\u012bni ir kr\u012btaini un agres\u012bvi. P\u0113cgar\u0161a ir notur\u012bga. \u013boti liels potenci\u0101ls.&#8221; \u2014 Ronalds P\u0113tersons, &#8220;Noble Wine&#8221; somelj\u0113<\/p>\n","protected":false},"featured_media":39028,"template":"","meta":[],"product_cat":[2001],"product_tag":[],"class_list":["post-57503","product","type-product","status-publish","has-post-thumbnail","hentry","product_cat-wine","pa_country-spain","pa_region-rioja","pa_tips-red-wine","pa_varietal-graciano","pa_varietal-tempranillo","pa_vendor-bodegas-muga"],"acf":[],"_links":{"self":[{"href":"https:\/\/nwold.test.decotec.lv\/en\/wp-json\/wp\/v2\/product\/57503"}],"collection":[{"href":"https:\/\/nwold.test.decotec.lv\/en\/wp-json\/wp\/v2\/product"}],"about":[{"href":"https:\/\/nwold.test.decotec.lv\/en\/wp-json\/wp\/v2\/types\/product"}],"wp:featuredmedia":[{"embeddable":true,"href":"https:\/\/nwold.test.decotec.lv\/en\/wp-json\/wp\/v2\/media\/39028"}],"wp:attachment":[{"href":"https:\/\/nwold.test.decotec.lv\/en\/wp-json\/wp\/v2\/media?parent=57503"}],"wp:term":[{"taxonomy":"product_cat","embeddable":true,"href":"https:\/\/nwold.test.decotec.lv\/en\/wp-json\/wp\/v2\/product_cat?post=57503"},{"taxonomy":"product_tag","embeddable":true,"href":"https:\/\/nwold.test.decotec.lv\/en\/wp-json\/wp\/v2\/product_tag?post=57503"}],"curies":[{"name":"wp","href":"https:\/\/api.w.org\/{rel}","templated":true}]}}