{"id":57571,"date":"2022-12-12T13:04:59","date_gmt":"2022-12-12T11:04:59","guid":{"rendered":"https:\/\/noblewine.lv\/?post_type=product&#038;p=57571"},"modified":"2024-05-24T22:54:19","modified_gmt":"2024-05-24T19:54:19","slug":"brut-blanc-de-blancs-nv-375ml","status":"publish","type":"product","link":"https:\/\/nwold.test.decotec.lv\/en\/catalog\/wine\/brut-blanc-de-blancs-nv-375ml\/","title":{"rendered":"Brut Blanc de Blancs NV 375ml"},"content":{"rendered":"","protected":false},"excerpt":{"rendered":"<p>&#8220;Arom\u0101t\u0101 j\u016btamas balto ziedu, negatavu za\u013co \u0101bolu un ka\u013c\u0137a notis. Gar\u0161\u0101 j\u016btama kr\u0113m\u012bguma un svaiguma kombin\u0101cija. Ekspres\u012bvs v\u012bns ar izteiktu raksturu.&#8221; \u2014 Ronalds P\u0113tersons, &#8220;Noble Wine&#8221; somelj\u0113<\/p>\n","protected":false},"featured_media":57144,"template":"","meta":[],"product_cat":[2001],"product_tag":[],"class_list":["post-57571","product","type-product","status-publish","has-post-thumbnail","hentry","product_cat-wine","pa_country-france","pa_region-champagne","pa_tips-sparkling-wine","pa_varietal-chardonnay","pa_vendor-rene-rutat-en","pa_village-blanc-de-blancs"],"acf":[],"_links":{"self":[{"href":"https:\/\/nwold.test.decotec.lv\/en\/wp-json\/wp\/v2\/product\/57571"}],"collection":[{"href":"https:\/\/nwold.test.decotec.lv\/en\/wp-json\/wp\/v2\/product"}],"about":[{"href":"https:\/\/nwold.test.decotec.lv\/en\/wp-json\/wp\/v2\/types\/product"}],"wp:featuredmedia":[{"embeddable":true,"href":"https:\/\/nwold.test.decotec.lv\/en\/wp-json\/wp\/v2\/media\/57144"}],"wp:attachment":[{"href":"https:\/\/nwold.test.decotec.lv\/en\/wp-json\/wp\/v2\/media?parent=57571"}],"wp:term":[{"taxonomy":"product_cat","embeddable":true,"href":"https:\/\/nwold.test.decotec.lv\/en\/wp-json\/wp\/v2\/product_cat?post=57571"},{"taxonomy":"product_tag","embeddable":true,"href":"https:\/\/nwold.test.decotec.lv\/en\/wp-json\/wp\/v2\/product_tag?post=57571"}],"curies":[{"name":"wp","href":"https:\/\/api.w.org\/{rel}","templated":true}]}}