{"id":57975,"date":"2022-11-09T10:58:15","date_gmt":"2022-11-09T08:58:15","guid":{"rendered":"https:\/\/noblewine.lv\/?post_type=product&#038;p=57975"},"modified":"2024-05-22T21:14:52","modified_gmt":"2024-05-22T18:14:52","slug":"langhe-nebbiolo-doc-2021","status":"publish","type":"product","link":"https:\/\/nwold.test.decotec.lv\/en\/catalog\/wine\/langhe-nebbiolo-doc-2021\/","title":{"rendered":"Langhe Nebbiolo DOC 2021"},"content":{"rendered":"","protected":false},"excerpt":{"rendered":"<p>&#8220;Arom\u0101t\u0101 j\u016btamas svaigu upe\u0146u, vani\u013cas un \u0137ir\u0161u notis. Gar\u0161a ir piesatin\u0101ta, sul\u012bga ar sarkano \u0137ir\u0161u un kaze\u0146u not\u012bm. Tan\u012bni ir akt\u012bvi un kr\u012btaini. P\u0113cgar\u0161a ir ilga un eleganta ar gar\u0161vielu not\u012bm.&#8221; \u2014 Ronalds P\u0113tersons, &#8220;Noble Wine&#8221; somelj\u0113<\/p>\n","protected":false},"featured_media":57973,"template":"","meta":[],"product_cat":[2001],"product_tag":[],"class_list":["post-57975","product","type-product","status-publish","has-post-thumbnail","hentry","product_cat-wine","pa_country-italy","pa_region-piedmont","pa_tips-red-wine","pa_varietal-nebbiolo","pa_vendor-giacomo-fenocchio","pa_village-langhe"],"acf":[],"_links":{"self":[{"href":"https:\/\/nwold.test.decotec.lv\/en\/wp-json\/wp\/v2\/product\/57975"}],"collection":[{"href":"https:\/\/nwold.test.decotec.lv\/en\/wp-json\/wp\/v2\/product"}],"about":[{"href":"https:\/\/nwold.test.decotec.lv\/en\/wp-json\/wp\/v2\/types\/product"}],"wp:featuredmedia":[{"embeddable":true,"href":"https:\/\/nwold.test.decotec.lv\/en\/wp-json\/wp\/v2\/media\/57973"}],"wp:attachment":[{"href":"https:\/\/nwold.test.decotec.lv\/en\/wp-json\/wp\/v2\/media?parent=57975"}],"wp:term":[{"taxonomy":"product_cat","embeddable":true,"href":"https:\/\/nwold.test.decotec.lv\/en\/wp-json\/wp\/v2\/product_cat?post=57975"},{"taxonomy":"product_tag","embeddable":true,"href":"https:\/\/nwold.test.decotec.lv\/en\/wp-json\/wp\/v2\/product_tag?post=57975"}],"curies":[{"name":"wp","href":"https:\/\/api.w.org\/{rel}","templated":true}]}}