{"id":58081,"date":"2022-12-06T15:52:58","date_gmt":"2022-12-06T13:52:58","guid":{"rendered":"https:\/\/noblewine.lv\/?post_type=product&#038;p=58081"},"modified":"2024-05-21T14:53:21","modified_gmt":"2024-05-21T11:53:21","slug":"blaufrankisch-leithaberg-dac-2019","status":"publish","type":"product","link":"https:\/\/nwold.test.decotec.lv\/en\/catalog\/wine\/blaufrankisch-leithaberg-dac-2019\/","title":{"rendered":"Blaufrankisch Leithaberg DAC 2019"},"content":{"rendered":"","protected":false},"excerpt":{"rendered":"<p>&#8220;Arom\u0101t\u0101 j\u016btamas melle\u0146u, \u0137ir\u0161u, gar\u0161vielu un melnzemes notis. Gar\u0161\u0101 v\u012bns ir intens\u012bvs, sul\u012bgs un aug\u013cains. Tan\u012bni ir samtaini, p\u0113cgar\u0161a ir maiga un ilga.&#8221; \u2014 Ronalds P\u0113tersons, &#8220;Noble Wine&#8221; somelj\u0113<\/p>\n","protected":false},"featured_media":38265,"template":"","meta":[],"product_cat":[2001],"product_tag":[],"class_list":["post-58081","product","type-product","status-publish","has-post-thumbnail","hentry","product_cat-wine","pa_country-austria","pa_region-burgenland","pa_tips-red-wine","pa_varietal-blaufrankisch","pa_vendor-weingut-prieler"],"acf":[],"_links":{"self":[{"href":"https:\/\/nwold.test.decotec.lv\/en\/wp-json\/wp\/v2\/product\/58081"}],"collection":[{"href":"https:\/\/nwold.test.decotec.lv\/en\/wp-json\/wp\/v2\/product"}],"about":[{"href":"https:\/\/nwold.test.decotec.lv\/en\/wp-json\/wp\/v2\/types\/product"}],"wp:featuredmedia":[{"embeddable":true,"href":"https:\/\/nwold.test.decotec.lv\/en\/wp-json\/wp\/v2\/media\/38265"}],"wp:attachment":[{"href":"https:\/\/nwold.test.decotec.lv\/en\/wp-json\/wp\/v2\/media?parent=58081"}],"wp:term":[{"taxonomy":"product_cat","embeddable":true,"href":"https:\/\/nwold.test.decotec.lv\/en\/wp-json\/wp\/v2\/product_cat?post=58081"},{"taxonomy":"product_tag","embeddable":true,"href":"https:\/\/nwold.test.decotec.lv\/en\/wp-json\/wp\/v2\/product_tag?post=58081"}],"curies":[{"name":"wp","href":"https:\/\/api.w.org\/{rel}","templated":true}]}}