{"id":58316,"date":"2022-09-28T15:22:39","date_gmt":"2022-09-28T12:22:39","guid":{"rendered":"https:\/\/noblewine.lv\/?post_type=product&#038;p=58316"},"modified":"2024-05-24T22:20:14","modified_gmt":"2024-05-24T19:20:14","slug":"criots-batard-montrachet-grand-cru-2019","status":"publish","type":"product","link":"https:\/\/nwold.test.decotec.lv\/en\/catalog\/wine\/criots-batard-montrachet-grand-cru-2019\/","title":{"rendered":"Criots-Batard-Montrachet Grand Cru 2019"},"content":{"rendered":"","protected":false},"excerpt":{"rendered":"<p>&#8220;Komplekss arom\u0101ts ar citrusu, medus, baltu ziedu un tost\u0113tas maizes not\u012bm. Gar\u0161a ir apa\u013ca, sul\u012bga, \u013coti labi sabalans\u0113ta ar maig\u0101m vani\u013cas not\u012bm. P\u0113cgar\u0161a ir notur\u012bga un apa\u013ca.&#8221; \u2014 Ronalds P\u0113tersons, &#8220;Noble Wine&#8221; somelj\u0113<\/p>\n","protected":false},"featured_media":37929,"template":"","meta":[],"product_cat":[2001],"product_tag":[4741],"class_list":["post-58316","product","type-product","status-publish","has-post-thumbnail","hentry","product_cat-wine","product_tag-fine-wine","pa_country-france","pa_region-burgundy","pa_tips-white-wine","pa_varietal-chardonnay","pa_vendor-domaine-roger-belland","pa_village-chassagne-montrachet"],"acf":[],"_links":{"self":[{"href":"https:\/\/nwold.test.decotec.lv\/en\/wp-json\/wp\/v2\/product\/58316"}],"collection":[{"href":"https:\/\/nwold.test.decotec.lv\/en\/wp-json\/wp\/v2\/product"}],"about":[{"href":"https:\/\/nwold.test.decotec.lv\/en\/wp-json\/wp\/v2\/types\/product"}],"wp:featuredmedia":[{"embeddable":true,"href":"https:\/\/nwold.test.decotec.lv\/en\/wp-json\/wp\/v2\/media\/37929"}],"wp:attachment":[{"href":"https:\/\/nwold.test.decotec.lv\/en\/wp-json\/wp\/v2\/media?parent=58316"}],"wp:term":[{"taxonomy":"product_cat","embeddable":true,"href":"https:\/\/nwold.test.decotec.lv\/en\/wp-json\/wp\/v2\/product_cat?post=58316"},{"taxonomy":"product_tag","embeddable":true,"href":"https:\/\/nwold.test.decotec.lv\/en\/wp-json\/wp\/v2\/product_tag?post=58316"}],"curies":[{"name":"wp","href":"https:\/\/api.w.org\/{rel}","templated":true}]}}