{"id":58837,"date":"2023-02-09T15:10:59","date_gmt":"2023-02-09T13:10:59","guid":{"rendered":"https:\/\/noblewine.lv\/?post_type=product&#038;p=58837"},"modified":"2024-05-18T22:38:13","modified_gmt":"2024-05-18T19:38:13","slug":"bourgogne-chardonnay-2021","status":"publish","type":"product","link":"https:\/\/nwold.test.decotec.lv\/en\/catalog\/wine\/bourgogne-chardonnay-2021\/","title":{"rendered":"Bourgogne Chardonnay 2021"},"content":{"rendered":"","protected":false},"excerpt":{"rendered":"<p>&#8220;Arom\u0101t\u0101 j\u016btamas ziedu, citrusu, za\u013c\u0101 \u0101bola un al,ems notis. Gar\u0161\u0101 v\u012bns ir sauss, ar svaigumu un izteiktu p\u0113cgar\u0161u.&#8221; \u2014 Ronalds P\u0113tersons, &#8220;Noble Wine&#8221; somelj\u0113<\/p>\n","protected":false},"featured_media":58840,"template":"","meta":[],"product_cat":[2001],"product_tag":[],"class_list":["post-58837","product","type-product","status-publish","has-post-thumbnail","hentry","product_cat-wine","pa_country-france","pa_region-burgundy","pa_tips-white-wine","pa_varietal-chardonnay","pa_vendor-domaine-arnaud-baillot-en","pa_village-regional"],"acf":[],"_links":{"self":[{"href":"https:\/\/nwold.test.decotec.lv\/en\/wp-json\/wp\/v2\/product\/58837"}],"collection":[{"href":"https:\/\/nwold.test.decotec.lv\/en\/wp-json\/wp\/v2\/product"}],"about":[{"href":"https:\/\/nwold.test.decotec.lv\/en\/wp-json\/wp\/v2\/types\/product"}],"wp:featuredmedia":[{"embeddable":true,"href":"https:\/\/nwold.test.decotec.lv\/en\/wp-json\/wp\/v2\/media\/58840"}],"wp:attachment":[{"href":"https:\/\/nwold.test.decotec.lv\/en\/wp-json\/wp\/v2\/media?parent=58837"}],"wp:term":[{"taxonomy":"product_cat","embeddable":true,"href":"https:\/\/nwold.test.decotec.lv\/en\/wp-json\/wp\/v2\/product_cat?post=58837"},{"taxonomy":"product_tag","embeddable":true,"href":"https:\/\/nwold.test.decotec.lv\/en\/wp-json\/wp\/v2\/product_tag?post=58837"}],"curies":[{"name":"wp","href":"https:\/\/api.w.org\/{rel}","templated":true}]}}