{"id":59319,"date":"2023-02-28T09:52:45","date_gmt":"2023-02-28T07:52:45","guid":{"rendered":"https:\/\/noblewine.lv\/?post_type=product&#038;p=59319"},"modified":"2024-05-21T14:23:27","modified_gmt":"2024-05-21T11:23:27","slug":"amarone-della-valpolicella-classico-docg-2017","status":"publish","type":"product","link":"https:\/\/nwold.test.decotec.lv\/en\/catalog\/wine\/amarone-della-valpolicella-classico-docg-2017\/","title":{"rendered":"Amarone della Valpolicella Classico DOCG 2017"},"content":{"rendered":"","protected":false},"excerpt":{"rendered":"<p>&#8220;Arom\u0101t\u0101 j\u016btamas \u017e\u0101v\u0113tu \u0137ir\u0161u, pl\u016bmju un kan\u0113\u013ca notis. Gar\u0161a ir intens\u012bva, tum\u012bga, svaiga ar saldo gar\u0161vielu, \u0137ir\u0161u un tabakas not\u012bm. Tan\u012bni ir akt\u012bvi un kr\u012btaini. P\u0113cgar\u0161a ir \u013coti gara.&#8221; \u2014 Ronalds P\u0113tersons, &#8220;Noble Wine&#8221; somelj\u0113<\/p>\n","protected":false},"featured_media":59316,"template":"","meta":[],"product_cat":[2001],"product_tag":[],"class_list":["post-59319","product","type-product","status-publish","has-post-thumbnail","hentry","product_cat-wine","pa_country-italy","pa_region-veneto","pa_tips-red-wine","pa_varietal-corvina","pa_varietal-corvinone","pa_varietal-rodinella","pa_vendor-ca-la-bionda","pa_village-valpolicella"],"acf":[],"_links":{"self":[{"href":"https:\/\/nwold.test.decotec.lv\/en\/wp-json\/wp\/v2\/product\/59319"}],"collection":[{"href":"https:\/\/nwold.test.decotec.lv\/en\/wp-json\/wp\/v2\/product"}],"about":[{"href":"https:\/\/nwold.test.decotec.lv\/en\/wp-json\/wp\/v2\/types\/product"}],"wp:featuredmedia":[{"embeddable":true,"href":"https:\/\/nwold.test.decotec.lv\/en\/wp-json\/wp\/v2\/media\/59316"}],"wp:attachment":[{"href":"https:\/\/nwold.test.decotec.lv\/en\/wp-json\/wp\/v2\/media?parent=59319"}],"wp:term":[{"taxonomy":"product_cat","embeddable":true,"href":"https:\/\/nwold.test.decotec.lv\/en\/wp-json\/wp\/v2\/product_cat?post=59319"},{"taxonomy":"product_tag","embeddable":true,"href":"https:\/\/nwold.test.decotec.lv\/en\/wp-json\/wp\/v2\/product_tag?post=59319"}],"curies":[{"name":"wp","href":"https:\/\/api.w.org\/{rel}","templated":true}]}}