{"id":59600,"date":"2023-02-23T11:00:44","date_gmt":"2023-02-23T09:00:44","guid":{"rendered":"https:\/\/noblewine.lv\/?post_type=product&#038;p=59600"},"modified":"2024-05-25T22:28:17","modified_gmt":"2024-05-25T19:28:17","slug":"cotes-du-jura-2020","status":"publish","type":"product","link":"https:\/\/nwold.test.decotec.lv\/en\/catalog\/wine\/cotes-du-jura-2020\/","title":{"rendered":"Cotes du Jura 2020"},"content":{"rendered":"","protected":false},"excerpt":{"rendered":"<p>&#8220;Arom\u0101ta v\u012bn\u0101 ir j\u016btamas me\u017ea zeme\u0146u, sk\u0101bo \u0137ir\u0161u un piparu notis. Gar\u0161\u0101 v\u012bns ir sul\u012bgs, viegls ar zeme\u0146u un ave\u0146u nians\u0113m. Tan\u012bni maigi. P\u0113cgar\u0161a gara.&#8221; &#8211; Ronalds P\u0113tersons, &#8220;Noble Wine&#8221; somelj\u0113<\/p>\n","protected":false},"featured_media":59601,"template":"","meta":[],"product_cat":[2001],"product_tag":[],"class_list":["post-59600","product","type-product","status-publish","has-post-thumbnail","hentry","product_cat-wine","pa_country-france","pa_region-jura","pa_tips-red-wine","pa_varietal-pinot-noir","pa_varietal-poulsard","pa_varietal-trousseau","pa_vendor-domaine-jean-bourdy"],"acf":[],"_links":{"self":[{"href":"https:\/\/nwold.test.decotec.lv\/en\/wp-json\/wp\/v2\/product\/59600"}],"collection":[{"href":"https:\/\/nwold.test.decotec.lv\/en\/wp-json\/wp\/v2\/product"}],"about":[{"href":"https:\/\/nwold.test.decotec.lv\/en\/wp-json\/wp\/v2\/types\/product"}],"wp:featuredmedia":[{"embeddable":true,"href":"https:\/\/nwold.test.decotec.lv\/en\/wp-json\/wp\/v2\/media\/59601"}],"wp:attachment":[{"href":"https:\/\/nwold.test.decotec.lv\/en\/wp-json\/wp\/v2\/media?parent=59600"}],"wp:term":[{"taxonomy":"product_cat","embeddable":true,"href":"https:\/\/nwold.test.decotec.lv\/en\/wp-json\/wp\/v2\/product_cat?post=59600"},{"taxonomy":"product_tag","embeddable":true,"href":"https:\/\/nwold.test.decotec.lv\/en\/wp-json\/wp\/v2\/product_tag?post=59600"}],"curies":[{"name":"wp","href":"https:\/\/api.w.org\/{rel}","templated":true}]}}