{"id":59698,"date":"2023-02-07T14:22:02","date_gmt":"2023-02-07T12:22:02","guid":{"rendered":"https:\/\/noblewine.lv\/?post_type=product&#038;p=59698"},"modified":"2024-05-25T22:28:01","modified_gmt":"2024-05-25T19:28:01","slug":"rioja-gran-reserva-prado-enea-2015","status":"publish","type":"product","link":"https:\/\/nwold.test.decotec.lv\/en\/catalog\/wine\/rioja-gran-reserva-prado-enea-2015\/","title":{"rendered":"Rioja Gran Reserva &#8220;Prado Enea&#8221; 2015"},"content":{"rendered":"","protected":false},"excerpt":{"rendered":"<p>&#8220;Arom\u0101t\u0101 j\u016btami gatavu kaze\u0146u ogu, melle\u0146u, pikanto un saldo gar\u0161vielu notis. Gar\u0161\u0101 v\u012bns ir vid\u0113jas miesas b\u016bves, sul\u012bgu, intens\u012bvu \u017e\u0101v\u0113tu tum\u0161o ogu un sauso gar\u0161vielu nians\u0113m. Tan\u012bni ir z\u012bdaini. P\u0113cgar\u0161a ir notur\u012bga.&#8221; \u2014 Ronalds P\u0113tersons, &#8220;Noble Wine&#8221; somelj\u0113<\/p>\n","protected":false},"featured_media":59699,"template":"","meta":[],"product_cat":[2001],"product_tag":[],"class_list":["post-59698","product","type-product","status-publish","has-post-thumbnail","hentry","product_cat-wine","pa_tips-red-wine","pa_varietal-garnacha","pa_varietal-graciano","pa_varietal-mazuelo","pa_varietal-tempranillo","pa_vendor-bodegas-muga"],"acf":[],"_links":{"self":[{"href":"https:\/\/nwold.test.decotec.lv\/en\/wp-json\/wp\/v2\/product\/59698"}],"collection":[{"href":"https:\/\/nwold.test.decotec.lv\/en\/wp-json\/wp\/v2\/product"}],"about":[{"href":"https:\/\/nwold.test.decotec.lv\/en\/wp-json\/wp\/v2\/types\/product"}],"wp:featuredmedia":[{"embeddable":true,"href":"https:\/\/nwold.test.decotec.lv\/en\/wp-json\/wp\/v2\/media\/59699"}],"wp:attachment":[{"href":"https:\/\/nwold.test.decotec.lv\/en\/wp-json\/wp\/v2\/media?parent=59698"}],"wp:term":[{"taxonomy":"product_cat","embeddable":true,"href":"https:\/\/nwold.test.decotec.lv\/en\/wp-json\/wp\/v2\/product_cat?post=59698"},{"taxonomy":"product_tag","embeddable":true,"href":"https:\/\/nwold.test.decotec.lv\/en\/wp-json\/wp\/v2\/product_tag?post=59698"}],"curies":[{"name":"wp","href":"https:\/\/api.w.org\/{rel}","templated":true}]}}