{"id":59806,"date":"2023-03-01T09:59:00","date_gmt":"2023-03-01T07:59:00","guid":{"rendered":"https:\/\/noblewine.lv\/?post_type=product&#038;p=59806"},"modified":"2024-05-25T21:56:16","modified_gmt":"2024-05-25T18:56:16","slug":"toscana-igp-montevertine-2019","status":"publish","type":"product","link":"https:\/\/nwold.test.decotec.lv\/en\/catalog\/wine\/toscana-igp-montevertine-2019\/","title":{"rendered":"Toscana IGP &#8220;Montevertine&#8221; 2019"},"content":{"rendered":"","protected":false},"excerpt":{"rendered":"<p>&#8220;Arom\u0101t\u0101 j\u016btami tum\u0161o \u0137ir\u0161u, k\u016bpin\u0101juma, kalt\u0113tu ziedu, \u0101das un tabakas notis. Gar\u0161a ir maiga, pies\u0101tin\u0101ta, sul\u012bga un ar tum\u0161o \u0137ir\u0161u, tabakas, gar\u0161vielu nians\u0113m. P\u0113cgar\u0161a ir eleganta, notur\u012bga un maiga. Tan\u012bni ir z\u012bdaini.&#8221; \u2014 Ronalds P\u0113tersons, &#8220;Noble Wine&#8221; somelj\u0113<\/p>\n","protected":false},"featured_media":50074,"template":"","meta":[],"product_cat":[2001],"product_tag":[],"class_list":["post-59806","product","type-product","status-publish","has-post-thumbnail","hentry","product_cat-wine","pa_country-italy","pa_region-toscana","pa_tips-red-wine","pa_varietal-canaiolo","pa_varietal-colorino","pa_varietal-sangiovese","pa_vendor-montevertine","pa_village-regional-toscana"],"acf":[],"_links":{"self":[{"href":"https:\/\/nwold.test.decotec.lv\/en\/wp-json\/wp\/v2\/product\/59806"}],"collection":[{"href":"https:\/\/nwold.test.decotec.lv\/en\/wp-json\/wp\/v2\/product"}],"about":[{"href":"https:\/\/nwold.test.decotec.lv\/en\/wp-json\/wp\/v2\/types\/product"}],"wp:featuredmedia":[{"embeddable":true,"href":"https:\/\/nwold.test.decotec.lv\/en\/wp-json\/wp\/v2\/media\/50074"}],"wp:attachment":[{"href":"https:\/\/nwold.test.decotec.lv\/en\/wp-json\/wp\/v2\/media?parent=59806"}],"wp:term":[{"taxonomy":"product_cat","embeddable":true,"href":"https:\/\/nwold.test.decotec.lv\/en\/wp-json\/wp\/v2\/product_cat?post=59806"},{"taxonomy":"product_tag","embeddable":true,"href":"https:\/\/nwold.test.decotec.lv\/en\/wp-json\/wp\/v2\/product_tag?post=59806"}],"curies":[{"name":"wp","href":"https:\/\/api.w.org\/{rel}","templated":true}]}}