{"id":59811,"date":"2023-03-06T11:43:43","date_gmt":"2023-03-06T09:43:43","guid":{"rendered":"https:\/\/noblewine.lv\/?post_type=product&#038;p=59811"},"modified":"2024-05-27T12:28:59","modified_gmt":"2024-05-27T09:28:59","slug":"gavi-di-tassarolo-docg-fornaci-2022","status":"publish","type":"product","link":"https:\/\/nwold.test.decotec.lv\/en\/catalog\/wine\/gavi-di-tassarolo-docg-fornaci-2022\/","title":{"rendered":"Gavi di Tassarolo DOCG &#8220;Fornaci&#8221; 2022"},"content":{"rendered":"","protected":false},"excerpt":{"rendered":"<p>&#8220;Arom\u0101ts ir maigs ar bumbieru, citursu, balto ziedu un za\u013cas z\u0101les not\u012bm. Gar\u0161\u0101 v\u012bns ir svaigs, krauk\u0161\u0137\u012bgas un elegants. P\u0113cgar\u0161a ir ilga. &#8221; \u2014 Ronalds P\u0113tersons, &#8220;Noble Wine&#8221; somelj\u0113<\/p>\n","protected":false},"featured_media":59977,"template":"","meta":[],"product_cat":[2001],"product_tag":[],"class_list":["post-59811","product","type-product","status-publish","has-post-thumbnail","hentry","product_cat-wine","pa_country-italy","pa_region-piedmont","pa_tips-white-wine","pa_varietal-cortese","pa_vendor-castellari-bergaglio","pa_village-gavi"],"acf":[],"_links":{"self":[{"href":"https:\/\/nwold.test.decotec.lv\/en\/wp-json\/wp\/v2\/product\/59811"}],"collection":[{"href":"https:\/\/nwold.test.decotec.lv\/en\/wp-json\/wp\/v2\/product"}],"about":[{"href":"https:\/\/nwold.test.decotec.lv\/en\/wp-json\/wp\/v2\/types\/product"}],"wp:featuredmedia":[{"embeddable":true,"href":"https:\/\/nwold.test.decotec.lv\/en\/wp-json\/wp\/v2\/media\/59977"}],"wp:attachment":[{"href":"https:\/\/nwold.test.decotec.lv\/en\/wp-json\/wp\/v2\/media?parent=59811"}],"wp:term":[{"taxonomy":"product_cat","embeddable":true,"href":"https:\/\/nwold.test.decotec.lv\/en\/wp-json\/wp\/v2\/product_cat?post=59811"},{"taxonomy":"product_tag","embeddable":true,"href":"https:\/\/nwold.test.decotec.lv\/en\/wp-json\/wp\/v2\/product_tag?post=59811"}],"curies":[{"name":"wp","href":"https:\/\/api.w.org\/{rel}","templated":true}]}}