{"id":59980,"date":"2023-02-23T11:00:43","date_gmt":"2023-02-23T09:00:43","guid":{"rendered":"https:\/\/noblewine.lv\/?post_type=product&#038;p=59980"},"modified":"2024-05-20T22:35:04","modified_gmt":"2024-05-20T19:35:04","slug":"cotes-du-jura-savagnin-2018","status":"publish","type":"product","link":"https:\/\/nwold.test.decotec.lv\/en\/catalog\/wine\/cotes-du-jura-savagnin-2018\/","title":{"rendered":"Cotes du Jura &#8220;Savagnin&#8221; 2018"},"content":{"rendered":"","protected":false},"excerpt":{"rendered":"<p>&#8220;Arom\u0101t\u0101 j\u016btamas riekstu, d\u016bmu, kan\u0113\u013ca un apels\u012bnu mizas notis. Gar\u0161\u0101 v\u012bns perfekti sabalans\u0113ts, maigs, elegants, pikants un ar ilgu p\u0113cgar\u0161u.&#8221; \u2014 Ronalds P\u0113tersons, &#8220;Noble Wine&#8221; somelj\u0113<\/p>\n","protected":false},"featured_media":59981,"template":"","meta":[],"product_cat":[2001],"product_tag":[2795],"class_list":["post-59980","product","type-product","status-publish","has-post-thumbnail","hentry","product_cat-wine","product_tag-biggest-saving","pa_country-france","pa_region-jura","pa_tips-white-wine","pa_varietal-savagnin","pa_vendor-domaine-jean-bourdy"],"acf":[],"_links":{"self":[{"href":"https:\/\/nwold.test.decotec.lv\/en\/wp-json\/wp\/v2\/product\/59980"}],"collection":[{"href":"https:\/\/nwold.test.decotec.lv\/en\/wp-json\/wp\/v2\/product"}],"about":[{"href":"https:\/\/nwold.test.decotec.lv\/en\/wp-json\/wp\/v2\/types\/product"}],"wp:featuredmedia":[{"embeddable":true,"href":"https:\/\/nwold.test.decotec.lv\/en\/wp-json\/wp\/v2\/media\/59981"}],"wp:attachment":[{"href":"https:\/\/nwold.test.decotec.lv\/en\/wp-json\/wp\/v2\/media?parent=59980"}],"wp:term":[{"taxonomy":"product_cat","embeddable":true,"href":"https:\/\/nwold.test.decotec.lv\/en\/wp-json\/wp\/v2\/product_cat?post=59980"},{"taxonomy":"product_tag","embeddable":true,"href":"https:\/\/nwold.test.decotec.lv\/en\/wp-json\/wp\/v2\/product_tag?post=59980"}],"curies":[{"name":"wp","href":"https:\/\/api.w.org\/{rel}","templated":true}]}}