{"id":59990,"date":"2023-03-27T15:08:55","date_gmt":"2023-03-27T12:08:55","guid":{"rendered":"https:\/\/noblewine.lv\/?post_type=product&#038;p=59990"},"modified":"2024-05-18T22:38:26","modified_gmt":"2024-05-18T19:38:26","slug":"sequoia-sainte-foy-cotes-de-bordeaux-2020","status":"publish","type":"product","link":"https:\/\/nwold.test.decotec.lv\/en\/catalog\/wine\/sequoia-sainte-foy-cotes-de-bordeaux-2020\/","title":{"rendered":"&#8220;Sequoia&#8221; Sainte-Foy C\u00f4tes de Bordeaux 2020"},"content":{"rendered":"","protected":false},"excerpt":{"rendered":"<p>&#8220;Arom\u0101t\u0101 j\u016btamas upe\u0146u, melle\u0146u un za\u013c\u0101s paprikas notis. Gar\u0161\u0101 v\u012bns ir vid\u0113jas miesas b\u016bves ar upe\u0146u un herb\u0101l\u0101m nians\u0113m. Tan\u012bni ir maigi.&#8221; \u2014 Ronalds P\u0113tersons, &#8220;Noble Wine&#8221; somelj\u0113<\/p>\n","protected":false},"featured_media":56124,"template":"","meta":[],"product_cat":[2001],"product_tag":[],"class_list":["post-59990","product","type-product","status-publish","has-post-thumbnail","hentry","product_cat-wine","pa_country-france","pa_region-bordeaux","pa_tips-red-wine","pa_varietal-cabernet-franc","pa_varietal-cabernet-sauvignon","pa_varietal-merlot","pa_vendor-chateau-carbonneau-en","pa_village-regional"],"acf":[],"_links":{"self":[{"href":"https:\/\/nwold.test.decotec.lv\/en\/wp-json\/wp\/v2\/product\/59990"}],"collection":[{"href":"https:\/\/nwold.test.decotec.lv\/en\/wp-json\/wp\/v2\/product"}],"about":[{"href":"https:\/\/nwold.test.decotec.lv\/en\/wp-json\/wp\/v2\/types\/product"}],"wp:featuredmedia":[{"embeddable":true,"href":"https:\/\/nwold.test.decotec.lv\/en\/wp-json\/wp\/v2\/media\/56124"}],"wp:attachment":[{"href":"https:\/\/nwold.test.decotec.lv\/en\/wp-json\/wp\/v2\/media?parent=59990"}],"wp:term":[{"taxonomy":"product_cat","embeddable":true,"href":"https:\/\/nwold.test.decotec.lv\/en\/wp-json\/wp\/v2\/product_cat?post=59990"},{"taxonomy":"product_tag","embeddable":true,"href":"https:\/\/nwold.test.decotec.lv\/en\/wp-json\/wp\/v2\/product_tag?post=59990"}],"curies":[{"name":"wp","href":"https:\/\/api.w.org\/{rel}","templated":true}]}}